{"id":21544,"date":"2025-04-10T09:31:27","date_gmt":"2025-04-10T09:31:27","guid":{"rendered":"https:\/\/unicoconsulting.net\/?page_id=21544"},"modified":"2025-04-10T09:35:39","modified_gmt":"2025-04-10T09:35:39","slug":"cookie-policy","status":"publish","type":"page","link":"https:\/\/unicoconsulting.net\/tr\/cookie-policy\/","title":{"rendered":"\u00c7erez Politikas\u0131"},"content":{"rendered":"<div data-elementor-type=\"wp-page\" data-elementor-id=\"21544\" class=\"elementor elementor-21544\">\n\t\t\t\t\t\t<section class=\"elementor-section elementor-top-section elementor-element elementor-element-3beabdfe elementor-section-boxed elementor-section-height-default elementor-section-height-default sc_fly_static\" data-id=\"3beabdfe\" data-element_type=\"section\">\n\t\t\t\t\t\t<div class=\"elementor-container elementor-column-gap-extended\">\n\t\t\t\t\t<div class=\"elementor-column elementor-col-100 elementor-top-column elementor-element elementor-element-b121174 sc_content_align_inherit sc_layouts_column_icons_position_left sc_fly_static\" data-id=\"b121174\" data-element_type=\"column\">\n\t\t\t<div class=\"elementor-widget-wrap elementor-element-populated\">\n\t\t\t\t\t\t<div class=\"elementor-element elementor-element-556a752f sc_fly_static elementor-widget elementor-widget-text-editor\" data-id=\"556a752f\" data-element_type=\"widget\" data-widget_type=\"text-editor.default\">\n\t\t\t\t<div class=\"elementor-widget-container\">\n\t\t\t\t\t\t\t\t\t\n<p>Web sitemizi her ziyaret etti\u011finizde, web sitemizi kullan\u0131\u015fl\u0131, etkili ve g\u00fcvenli hale getirmek ve size daha iyi hizmet sunmak amac\u0131yla, bizim ad\u0131m\u0131za ve hesab\u0131m\u0131za faaliyet g\u00f6steren \u00fc\u00e7\u00fcnc\u00fc taraflarca \u00e7e\u015fitli veri toplama ara\u00e7lar\u0131 veya ilgili teknolojiler kullan\u0131larak eri\u015fiminizi ve kullan\u0131m\u0131n\u0131z\u0131 g\u00f6steren bilgiler toplan\u0131r.<\/p>\n<p><strong>\u00c7erez Nedir?\u00a0<\/strong><\/p>\n<p>\u00c7erezler, genellikle harf ve say\u0131lardan olu\u015fan ve bir web sayfas\u0131 ziyaret edildi\u011finde kullan\u0131c\u0131lar\u0131n taray\u0131c\u0131lar\u0131nda depolanan \u00e7ok k\u00fc\u00e7\u00fck metin dosyalar\u0131d\u0131r. \u0130nsanlar\u0131n web sitelerinde ne arad\u0131klar\u0131n\u0131 taray\u0131c\u0131 ge\u00e7mi\u015finde kaydeder. Bir web sitesinin, taray\u0131c\u0131 kay\u0131tlar\u0131n\u0131 tutarak siteyi kullanmas\u0131n\u0131 sa\u011flar. \u00c7erezler, web sitelerine ayn\u0131 ziyaret\u00e7inin siteyi tekrar ziyaret etti\u011fini g\u00f6steren kimlik kartlar\u0131na benzetilebilir. \u00c7erezler, ziyaret\u00e7ilerin ad\u0131, cinsiyeti veya adresi gibi ki\u015fisel verilerini i\u00e7ermez. \u00c7erezler hakk\u0131nda daha detayl\u0131 bilgi i\u00e7in www.aboutcookies.org ve www.allaboutcookies.org adreslerini ziyaret edebilirsiniz.<\/p>\n<p><strong>\u00c7erez T\u00fcrleri ve Kullan\u0131m Ama\u00e7lar\u0131\u00a0<\/strong><\/p>\n<p>Site sahibi taraf\u0131ndan y\u00f6netilen \u00e7erezlere Web Sitesi \u00c7erezleri denir. Bunun d\u0131\u015f\u0131nda farkl\u0131 \u015firketler taraf\u0131ndan y\u00f6netilen \u00fc\u00e7\u00fcnc\u00fc taraf \u00c7erezleri de kullan\u0131labilir. Oturum \u00c7erezleri ziyaret\u00e7i web sitesini terk etti\u011finde silinirken, kal\u0131c\u0131 \u00c7erezler ziyaret\u00e7ilerin cihazlar\u0131nda de\u011fi\u015fen s\u00fcrelerle kal\u0131r. Teknik \u00c7erezler, Do\u011frulama \u00c7erezleri, Hedefleme\/Reklam \u00c7erezleri, Ki\u015fiselle\u015ftirme \u00c7erezleri ve Analitik \u00c7erezler kullan\u0131m amac\u0131na g\u00f6re \u00e7e\u015fitlendirebilece\u011fimiz \u00c7erezlerdir. \u00c7erezler web sitesinin \u00e7al\u0131\u015fmas\u0131 i\u00e7in gerekli temel i\u015flevleri yerine getirmek, web sitesini analiz etmek ve performans\u0131n\u0131 art\u0131rmak, web sitesinin i\u015flevselli\u011fini art\u0131rmak ve kullan\u0131m kolayl\u0131\u011f\u0131 sa\u011flamak, ki\u015fiselle\u015ftirme, hedefleme ve reklamc\u0131l\u0131k faaliyetleri ger\u00e7ekle\u015ftirmek i\u00e7in kullan\u0131labilir.<\/p>\n<p><strong>\u00c7erez Tercihlerini Y\u00f6netme<\/strong><\/p>\n<p>Rund-A Web Sitemizi kullanma s\u00fcrecinde hangi ki\u015fisel verilerin toplanaca\u011f\u0131na ili\u015fkin tercihleriniz bizim i\u00e7in son derece \u00f6nemlidir. Ancak, web sitesinin \u00e7al\u0131\u015fmas\u0131 i\u00e7in zorunlu olan \u00c7erezler ile ilgili tercihleri \u200b\u200by\u00f6netmek m\u00fcmk\u00fcn de\u011fildir. Ayr\u0131ca, baz\u0131 \u00c7erezler devre d\u0131\u015f\u0131 b\u0131rak\u0131ld\u0131\u011f\u0131nda Web Sitesinin \u00e7e\u015fitli i\u015flevlerinin \u00e7al\u0131\u015fmayabilece\u011fini hat\u0131rlatmak isteriz. Web Sitemizi kullan\u0131rken Web Sitemizdeki \u00c7erezler ile ilgili tercihleri \u200b\u200bnas\u0131l y\u00f6netebilece\u011finize ili\u015fkin bilgiler a\u015fa\u011f\u0131daki gibidir: Web Sitemizi g\u00f6r\u00fcnt\u00fclemek i\u00e7in kulland\u0131\u011f\u0131n\u0131z taray\u0131c\u0131n\u0131n ayarlar\u0131n\u0131 de\u011fi\u015ftirerek tercihlerinizi ki\u015fiselle\u015ftirme hakk\u0131na sahipsiniz. Kulland\u0131\u011f\u0131n\u0131z taray\u0131c\u0131 bu se\u00e7ene\u011fi sunuyorsa, taray\u0131c\u0131 ayarlar\u0131n\u0131z \u00fczerinden \u00c7erezler ile ilgili tercihleri \u200b\u200bde\u011fi\u015ftirmeniz m\u00fcmk\u00fcnd\u00fcr. Dolay\u0131s\u0131yla, taray\u0131c\u0131n\u0131n sundu\u011fu olanaklara ba\u011fl\u0131 olarak de\u011fi\u015febilmekle birlikte, veri sahipleri \u00c7erezlerin kullan\u0131m\u0131n\u0131 engelleme, bir \u00c7erez kullan\u0131lmadan \u00f6nce uyar\u0131 almay\u0131 tercih etme veya yaln\u0131zca belirli \u00c7erezleri devre d\u0131\u015f\u0131 b\u0131rakma veya silme olana\u011f\u0131na sahiptir. Bu konudaki tercihler kulland\u0131\u011f\u0131n\u0131z taray\u0131c\u0131ya ba\u011fl\u0131 olarak de\u011fi\u015fmekte olup, genel a\u00e7\u0131klamaya https:\/\/www.aboutcookies.org\/ adresinden ula\u015fabilirsiniz. \u00c7erezlere ili\u015fkin tercihlerinizin, Web Sitemize eri\u015fim sa\u011flamak i\u00e7in kulland\u0131\u011f\u0131n\u0131z her cihaz i\u00e7in ayr\u0131 ayr\u0131 yap\u0131lmas\u0131 gerekebilir.<\/p>\t\t\t\t\t\t\t\t<\/div>\n\t\t\t\t<\/div>\n\t\t\t\t\t<\/div>\n\t\t<\/div>\n\t\t\t\t\t<\/div>\n\t\t<\/section>\n\t\t\t\t<\/div>","protected":false},"excerpt":{"rendered":"<p>Each time you visit our website, information showing your access and usage is collected using various data acquisition tools or relevant technologies by third parties operating on our behalf and&hellip;<\/p>","protected":false},"author":1,"featured_media":0,"parent":0,"menu_order":0,"comment_status":"closed","ping_status":"closed","template":"","meta":{"footnotes":""},"class_list":["post-21544","page","type-page","status-publish","hentry"],"yoast_head":"<!-- This site is optimized with the Yoast SEO plugin v24.8.1 - https:\/\/yoast.com\/wordpress\/plugins\/seo\/ -->\n<title>Cookie Policy - Unico Consulting<\/title>\n<meta name=\"robots\" content=\"index, follow, max-snippet:-1, max-image-preview:large, max-video-preview:-1\" \/>\n<link rel=\"canonical\" href=\"https:\/\/unicoconsulting.net\/tr\/cookie-policy\/\" \/>\n<meta property=\"og:locale\" content=\"tr_TR\" \/>\n<meta property=\"og:type\" content=\"article\" \/>\n<meta property=\"og:title\" content=\"Cookie Policy - Unico Consulting\" \/>\n<meta property=\"og:description\" content=\"Each time you visit our website, information showing your access and usage is collected using various data acquisition tools or relevant technologies by third parties operating on our behalf and&hellip;\" \/>\n<meta property=\"og:url\" content=\"https:\/\/unicoconsulting.net\/tr\/cookie-policy\/\" \/>\n<meta property=\"og:site_name\" content=\"Unico Consulting\" \/>\n<meta property=\"article:modified_time\" content=\"2025-04-10T09:35:39+00:00\" \/>\n<meta name=\"twitter:card\" content=\"summary_large_image\" \/>\n<meta name=\"twitter:label1\" content=\"Tahmini okuma s\u00fcresi\" \/>\n\t<meta name=\"twitter:data1\" content=\"3 dakika\" \/>\n<script type=\"application\/ld+json\" class=\"yoast-schema-graph\">{\"@context\":\"https:\/\/schema.org\",\"@graph\":[{\"@type\":\"WebPage\",\"@id\":\"https:\/\/unicoconsulting.net\/cookie-policy\/\",\"url\":\"https:\/\/unicoconsulting.net\/cookie-policy\/\",\"name\":\"Cookie Policy - Unico Consulting\",\"isPartOf\":{\"@id\":\"https:\/\/unicoconsulting.net\/#website\"},\"datePublished\":\"2025-04-10T09:31:27+00:00\",\"dateModified\":\"2025-04-10T09:35:39+00:00\",\"breadcrumb\":{\"@id\":\"https:\/\/unicoconsulting.net\/cookie-policy\/#breadcrumb\"},\"inLanguage\":\"tr\",\"potentialAction\":[{\"@type\":\"ReadAction\",\"target\":[\"https:\/\/unicoconsulting.net\/cookie-policy\/\"]}]},{\"@type\":\"BreadcrumbList\",\"@id\":\"https:\/\/unicoconsulting.net\/cookie-policy\/#breadcrumb\",\"itemListElement\":[{\"@type\":\"ListItem\",\"position\":1,\"name\":\"Home\",\"item\":\"https:\/\/unicoconsulting.net\/\"},{\"@type\":\"ListItem\",\"position\":2,\"name\":\"Cookie Policy\"}]},{\"@type\":\"WebSite\",\"@id\":\"https:\/\/unicoconsulting.net\/#website\",\"url\":\"https:\/\/unicoconsulting.net\/\",\"name\":\"Unico Consulting\",\"description\":\"\",\"publisher\":{\"@id\":\"https:\/\/unicoconsulting.net\/#organization\"},\"potentialAction\":[{\"@type\":\"SearchAction\",\"target\":{\"@type\":\"EntryPoint\",\"urlTemplate\":\"https:\/\/unicoconsulting.net\/?s={search_term_string}\"},\"query-input\":{\"@type\":\"PropertyValueSpecification\",\"valueRequired\":true,\"valueName\":\"search_term_string\"}}],\"inLanguage\":\"tr\"},{\"@type\":\"Organization\",\"@id\":\"https:\/\/unicoconsulting.net\/#organization\",\"name\":\"Unico Consulting\",\"url\":\"https:\/\/unicoconsulting.net\/\",\"logo\":{\"@type\":\"ImageObject\",\"inLanguage\":\"tr\",\"@id\":\"https:\/\/unicoconsulting.net\/#\/schema\/logo\/image\/\",\"url\":\"https:\/\/unicoconsulting.net\/wp-content\/uploads\/2025\/09\/Unico-H2G_together_with_transparent.png\",\"contentUrl\":\"https:\/\/unicoconsulting.net\/wp-content\/uploads\/2025\/09\/Unico-H2G_together_with_transparent.png\",\"width\":463,\"height\":246,\"caption\":\"Unico Consulting\"},\"image\":{\"@id\":\"https:\/\/unicoconsulting.net\/#\/schema\/logo\/image\/\"}}]}<\/script>\n<!-- \/ Yoast SEO plugin. -->","yoast_head_json":{"title":"Cookie Policy - Unico Consulting","robots":{"index":"index","follow":"follow","max-snippet":"max-snippet:-1","max-image-preview":"max-image-preview:large","max-video-preview":"max-video-preview:-1"},"canonical":"https:\/\/unicoconsulting.net\/tr\/cookie-policy\/","og_locale":"tr_TR","og_type":"article","og_title":"Cookie Policy - Unico Consulting","og_description":"Each time you visit our website, information showing your access and usage is collected using various data acquisition tools or relevant technologies by third parties operating on our behalf and&hellip;","og_url":"https:\/\/unicoconsulting.net\/tr\/cookie-policy\/","og_site_name":"Unico Consulting","article_modified_time":"2025-04-10T09:35:39+00:00","twitter_card":"summary_large_image","twitter_misc":{"Tahmini okuma s\u00fcresi":"3 dakika"},"schema":{"@context":"https:\/\/schema.org","@graph":[{"@type":"WebPage","@id":"https:\/\/unicoconsulting.net\/cookie-policy\/","url":"https:\/\/unicoconsulting.net\/cookie-policy\/","name":"Cookie Policy - Unico Consulting","isPartOf":{"@id":"https:\/\/unicoconsulting.net\/#website"},"datePublished":"2025-04-10T09:31:27+00:00","dateModified":"2025-04-10T09:35:39+00:00","breadcrumb":{"@id":"https:\/\/unicoconsulting.net\/cookie-policy\/#breadcrumb"},"inLanguage":"tr","potentialAction":[{"@type":"ReadAction","target":["https:\/\/unicoconsulting.net\/cookie-policy\/"]}]},{"@type":"BreadcrumbList","@id":"https:\/\/unicoconsulting.net\/cookie-policy\/#breadcrumb","itemListElement":[{"@type":"ListItem","position":1,"name":"Home","item":"https:\/\/unicoconsulting.net\/"},{"@type":"ListItem","position":2,"name":"Cookie Policy"}]},{"@type":"WebSite","@id":"https:\/\/unicoconsulting.net\/#website","url":"https:\/\/unicoconsulting.net\/","name":"Unico Consulting","description":"","publisher":{"@id":"https:\/\/unicoconsulting.net\/#organization"},"potentialAction":[{"@type":"SearchAction","target":{"@type":"EntryPoint","urlTemplate":"https:\/\/unicoconsulting.net\/?s={search_term_string}"},"query-input":{"@type":"PropertyValueSpecification","valueRequired":true,"valueName":"search_term_string"}}],"inLanguage":"tr"},{"@type":"Organization","@id":"https:\/\/unicoconsulting.net\/#organization","name":"Unico Consulting","url":"https:\/\/unicoconsulting.net\/","logo":{"@type":"ImageObject","inLanguage":"tr","@id":"https:\/\/unicoconsulting.net\/#\/schema\/logo\/image\/","url":"https:\/\/unicoconsulting.net\/wp-content\/uploads\/2025\/09\/Unico-H2G_together_with_transparent.png","contentUrl":"https:\/\/unicoconsulting.net\/wp-content\/uploads\/2025\/09\/Unico-H2G_together_with_transparent.png","width":463,"height":246,"caption":"Unico Consulting"},"image":{"@id":"https:\/\/unicoconsulting.net\/#\/schema\/logo\/image\/"}}]}},"_links":{"self":[{"href":"https:\/\/unicoconsulting.net\/tr\/wp-json\/wp\/v2\/pages\/21544","targetHints":{"allow":["GET"]}}],"collection":[{"href":"https:\/\/unicoconsulting.net\/tr\/wp-json\/wp\/v2\/pages"}],"about":[{"href":"https:\/\/unicoconsulting.net\/tr\/wp-json\/wp\/v2\/types\/page"}],"author":[{"embeddable":true,"href":"https:\/\/unicoconsulting.net\/tr\/wp-json\/wp\/v2\/users\/1"}],"replies":[{"embeddable":true,"href":"https:\/\/unicoconsulting.net\/tr\/wp-json\/wp\/v2\/comments?post=21544"}],"version-history":[{"count":4,"href":"https:\/\/unicoconsulting.net\/tr\/wp-json\/wp\/v2\/pages\/21544\/revisions"}],"predecessor-version":[{"id":21560,"href":"https:\/\/unicoconsulting.net\/tr\/wp-json\/wp\/v2\/pages\/21544\/revisions\/21560"}],"wp:attachment":[{"href":"https:\/\/unicoconsulting.net\/tr\/wp-json\/wp\/v2\/media?parent=21544"}],"curies":[{"name":"wp","href":"https:\/\/api.w.org\/{rel}","templated":true}]}}