{"id":21540,"date":"2025-04-10T09:29:34","date_gmt":"2025-04-10T09:29:34","guid":{"rendered":"https:\/\/unicoconsulting.net\/?page_id=21540"},"modified":"2025-04-10T09:35:28","modified_gmt":"2025-04-10T09:35:28","slug":"privacy-policy","status":"publish","type":"page","link":"https:\/\/unicoconsulting.net\/tr\/privacy-policy\/","title":{"rendered":"Gizlilik Politikas\u0131"},"content":{"rendered":"<div data-elementor-type=\"wp-page\" data-elementor-id=\"21540\" class=\"elementor elementor-21540\">\n\t\t\t\t\t\t<section class=\"elementor-section elementor-top-section elementor-element elementor-element-6c3aa797 elementor-section-boxed elementor-section-height-default elementor-section-height-default sc_fly_static\" data-id=\"6c3aa797\" data-element_type=\"section\">\n\t\t\t\t\t\t<div class=\"elementor-container elementor-column-gap-extended\">\n\t\t\t\t\t<div class=\"elementor-column elementor-col-100 elementor-top-column elementor-element elementor-element-2826657a sc_content_align_inherit sc_layouts_column_icons_position_left sc_fly_static\" data-id=\"2826657a\" data-element_type=\"column\">\n\t\t\t<div class=\"elementor-widget-wrap elementor-element-populated\">\n\t\t\t\t\t\t<div class=\"elementor-element elementor-element-13f35a7b sc_fly_static elementor-widget elementor-widget-text-editor\" data-id=\"13f35a7b\" data-element_type=\"widget\" data-widget_type=\"text-editor.default\">\n\t\t\t\t<div class=\"elementor-widget-container\">\n\t\t\t\t\t\t\t\t\t\n<p>Sitemize \u00fcye olmak i\u00e7in girdi\u011finiz t\u00fcm bilgiler 3. parti \u015firketler veya ki\u015filerle payla\u015f\u0131lmayacakt\u0131r. Sitemizin ileti\u015fim formlar\u0131 arac\u0131l\u0131\u011f\u0131yla girdi\u011finiz t\u00fcm bilgiler 3. parti \u015firketler veya ki\u015filerle payla\u015f\u0131lmayacakt\u0131r.<\/p>\n<p>Web sitemiz zaman zaman m\u00fc\u015fterilerine ve \u00fcyelerine kampanya bilgileri, yeni \u00fcr\u00fcnler hakk\u0131nda bilgiler ve promosyon bilgileri g\u00f6nderebilir. \u00dcyelerimiz \u00fcye olurken bu t\u00fcr bilgileri al\u0131p almama konusunda her t\u00fcrl\u00fc se\u00e7imi yapabilir ve bu se\u00e7imi giri\u015f yapt\u0131ktan sonra hesap bilgileri b\u00f6l\u00fcm\u00fcnden de\u011fi\u015ftirebilir.<\/p>\n<p>\u00dcye oldu\u011funuzda verdi\u011finiz t\u00fcm bilgilere yaln\u0131zca siz eri\u015febilir ve bunlar\u0131 de\u011fi\u015ftirebilirsiniz. \u00dcye giri\u015f bilgilerinizi g\u00fcvenli bir \u015fekilde saklarsan\u0131z ba\u015fkalar\u0131n\u0131n sizin hakk\u0131n\u0131zdaki bilgilere eri\u015fmesi veya bunlar\u0131 de\u011fi\u015ftirmesi m\u00fcmk\u00fcn olmaz.\u00a0<\/p>\n<p>Al\u0131c\u0131, unicoconsulting.net internet sitesi \u00fczerinden kendisi veya \u00fc\u00e7\u00fcnc\u00fc ki\u015filer taraf\u0131ndan yap\u0131lan herhangi bir kredi kart\u0131 i\u015flemi nedeniyle do\u011fabilecek her t\u00fcrl\u00fc usuls\u00fcz kullan\u0131m, itiraz, maddi kay\u0131p ve cezalardan \u015fahsen sorumludur.<\/p>\t\t\t\t\t\t\t\t<\/div>\n\t\t\t\t<\/div>\n\t\t\t\t\t<\/div>\n\t\t<\/div>\n\t\t\t\t\t<\/div>\n\t\t<\/section>\n\t\t\t\t<\/div>","protected":false},"excerpt":{"rendered":"<p>All information you enter to become a member of our site will not be shared with 3rd party companies or individuals. All information you enter through our site&#8217;s contact forms&hellip;<\/p>","protected":false},"author":1,"featured_media":0,"parent":0,"menu_order":0,"comment_status":"closed","ping_status":"closed","template":"","meta":{"footnotes":""},"class_list":["post-21540","page","type-page","status-publish","hentry"],"yoast_head":"<!-- This site is optimized with the Yoast SEO plugin v24.8.1 - https:\/\/yoast.com\/wordpress\/plugins\/seo\/ -->\n<title>Privacy Policy - Unico Consulting<\/title>\n<meta name=\"robots\" content=\"index, follow, max-snippet:-1, max-image-preview:large, max-video-preview:-1\" \/>\n<link rel=\"canonical\" href=\"https:\/\/unicoconsulting.net\/tr\/privacy-policy\/\" \/>\n<meta property=\"og:locale\" content=\"tr_TR\" \/>\n<meta property=\"og:type\" content=\"article\" \/>\n<meta property=\"og:title\" content=\"Privacy Policy - Unico Consulting\" \/>\n<meta property=\"og:description\" content=\"All information you enter to become a member of our site will not be shared with 3rd party companies or individuals. All information you enter through our site&#8217;s contact forms&hellip;\" \/>\n<meta property=\"og:url\" content=\"https:\/\/unicoconsulting.net\/tr\/privacy-policy\/\" \/>\n<meta property=\"og:site_name\" content=\"Unico Consulting\" \/>\n<meta property=\"article:modified_time\" content=\"2025-04-10T09:35:28+00:00\" \/>\n<meta name=\"twitter:card\" content=\"summary_large_image\" \/>\n<meta name=\"twitter:label1\" content=\"Tahmini okuma s\u00fcresi\" \/>\n\t<meta name=\"twitter:data1\" content=\"1 dakika\" \/>\n<script type=\"application\/ld+json\" class=\"yoast-schema-graph\">{\"@context\":\"https:\/\/schema.org\",\"@graph\":[{\"@type\":\"WebPage\",\"@id\":\"https:\/\/unicoconsulting.net\/privacy-policy\/\",\"url\":\"https:\/\/unicoconsulting.net\/privacy-policy\/\",\"name\":\"Privacy Policy - Unico Consulting\",\"isPartOf\":{\"@id\":\"https:\/\/unicoconsulting.net\/#website\"},\"datePublished\":\"2025-04-10T09:29:34+00:00\",\"dateModified\":\"2025-04-10T09:35:28+00:00\",\"breadcrumb\":{\"@id\":\"https:\/\/unicoconsulting.net\/privacy-policy\/#breadcrumb\"},\"inLanguage\":\"tr\",\"potentialAction\":[{\"@type\":\"ReadAction\",\"target\":[\"https:\/\/unicoconsulting.net\/privacy-policy\/\"]}]},{\"@type\":\"BreadcrumbList\",\"@id\":\"https:\/\/unicoconsulting.net\/privacy-policy\/#breadcrumb\",\"itemListElement\":[{\"@type\":\"ListItem\",\"position\":1,\"name\":\"Home\",\"item\":\"https:\/\/unicoconsulting.net\/\"},{\"@type\":\"ListItem\",\"position\":2,\"name\":\"Privacy Policy\"}]},{\"@type\":\"WebSite\",\"@id\":\"https:\/\/unicoconsulting.net\/#website\",\"url\":\"https:\/\/unicoconsulting.net\/\",\"name\":\"Unico Consulting\",\"description\":\"\",\"publisher\":{\"@id\":\"https:\/\/unicoconsulting.net\/#organization\"},\"potentialAction\":[{\"@type\":\"SearchAction\",\"target\":{\"@type\":\"EntryPoint\",\"urlTemplate\":\"https:\/\/unicoconsulting.net\/?s={search_term_string}\"},\"query-input\":{\"@type\":\"PropertyValueSpecification\",\"valueRequired\":true,\"valueName\":\"search_term_string\"}}],\"inLanguage\":\"tr\"},{\"@type\":\"Organization\",\"@id\":\"https:\/\/unicoconsulting.net\/#organization\",\"name\":\"Unico Consulting\",\"url\":\"https:\/\/unicoconsulting.net\/\",\"logo\":{\"@type\":\"ImageObject\",\"inLanguage\":\"tr\",\"@id\":\"https:\/\/unicoconsulting.net\/#\/schema\/logo\/image\/\",\"url\":\"https:\/\/unicoconsulting.net\/wp-content\/uploads\/2025\/09\/Unico-H2G_together_with_transparent.png\",\"contentUrl\":\"https:\/\/unicoconsulting.net\/wp-content\/uploads\/2025\/09\/Unico-H2G_together_with_transparent.png\",\"width\":463,\"height\":246,\"caption\":\"Unico Consulting\"},\"image\":{\"@id\":\"https:\/\/unicoconsulting.net\/#\/schema\/logo\/image\/\"}}]}<\/script>\n<!-- \/ Yoast SEO plugin. -->","yoast_head_json":{"title":"Privacy Policy - Unico Consulting","robots":{"index":"index","follow":"follow","max-snippet":"max-snippet:-1","max-image-preview":"max-image-preview:large","max-video-preview":"max-video-preview:-1"},"canonical":"https:\/\/unicoconsulting.net\/tr\/privacy-policy\/","og_locale":"tr_TR","og_type":"article","og_title":"Privacy Policy - Unico Consulting","og_description":"All information you enter to become a member of our site will not be shared with 3rd party companies or individuals. All information you enter through our site&#8217;s contact forms&hellip;","og_url":"https:\/\/unicoconsulting.net\/tr\/privacy-policy\/","og_site_name":"Unico Consulting","article_modified_time":"2025-04-10T09:35:28+00:00","twitter_card":"summary_large_image","twitter_misc":{"Tahmini okuma s\u00fcresi":"1 dakika"},"schema":{"@context":"https:\/\/schema.org","@graph":[{"@type":"WebPage","@id":"https:\/\/unicoconsulting.net\/privacy-policy\/","url":"https:\/\/unicoconsulting.net\/privacy-policy\/","name":"Privacy Policy - Unico Consulting","isPartOf":{"@id":"https:\/\/unicoconsulting.net\/#website"},"datePublished":"2025-04-10T09:29:34+00:00","dateModified":"2025-04-10T09:35:28+00:00","breadcrumb":{"@id":"https:\/\/unicoconsulting.net\/privacy-policy\/#breadcrumb"},"inLanguage":"tr","potentialAction":[{"@type":"ReadAction","target":["https:\/\/unicoconsulting.net\/privacy-policy\/"]}]},{"@type":"BreadcrumbList","@id":"https:\/\/unicoconsulting.net\/privacy-policy\/#breadcrumb","itemListElement":[{"@type":"ListItem","position":1,"name":"Home","item":"https:\/\/unicoconsulting.net\/"},{"@type":"ListItem","position":2,"name":"Privacy Policy"}]},{"@type":"WebSite","@id":"https:\/\/unicoconsulting.net\/#website","url":"https:\/\/unicoconsulting.net\/","name":"Unico Consulting","description":"","publisher":{"@id":"https:\/\/unicoconsulting.net\/#organization"},"potentialAction":[{"@type":"SearchAction","target":{"@type":"EntryPoint","urlTemplate":"https:\/\/unicoconsulting.net\/?s={search_term_string}"},"query-input":{"@type":"PropertyValueSpecification","valueRequired":true,"valueName":"search_term_string"}}],"inLanguage":"tr"},{"@type":"Organization","@id":"https:\/\/unicoconsulting.net\/#organization","name":"Unico Consulting","url":"https:\/\/unicoconsulting.net\/","logo":{"@type":"ImageObject","inLanguage":"tr","@id":"https:\/\/unicoconsulting.net\/#\/schema\/logo\/image\/","url":"https:\/\/unicoconsulting.net\/wp-content\/uploads\/2025\/09\/Unico-H2G_together_with_transparent.png","contentUrl":"https:\/\/unicoconsulting.net\/wp-content\/uploads\/2025\/09\/Unico-H2G_together_with_transparent.png","width":463,"height":246,"caption":"Unico Consulting"},"image":{"@id":"https:\/\/unicoconsulting.net\/#\/schema\/logo\/image\/"}}]}},"_links":{"self":[{"href":"https:\/\/unicoconsulting.net\/tr\/wp-json\/wp\/v2\/pages\/21540","targetHints":{"allow":["GET"]}}],"collection":[{"href":"https:\/\/unicoconsulting.net\/tr\/wp-json\/wp\/v2\/pages"}],"about":[{"href":"https:\/\/unicoconsulting.net\/tr\/wp-json\/wp\/v2\/types\/page"}],"author":[{"embeddable":true,"href":"https:\/\/unicoconsulting.net\/tr\/wp-json\/wp\/v2\/users\/1"}],"replies":[{"embeddable":true,"href":"https:\/\/unicoconsulting.net\/tr\/wp-json\/wp\/v2\/comments?post=21540"}],"version-history":[{"count":4,"href":"https:\/\/unicoconsulting.net\/tr\/wp-json\/wp\/v2\/pages\/21540\/revisions"}],"predecessor-version":[{"id":21557,"href":"https:\/\/unicoconsulting.net\/tr\/wp-json\/wp\/v2\/pages\/21540\/revisions\/21557"}],"wp:attachment":[{"href":"https:\/\/unicoconsulting.net\/tr\/wp-json\/wp\/v2\/media?parent=21540"}],"curies":[{"name":"wp","href":"https:\/\/api.w.org\/{rel}","templated":true}]}}