{"id":18354,"date":"2023-11-27T20:44:39","date_gmt":"2023-11-27T20:44:39","guid":{"rendered":"https:\/\/unicoconsulting.net\/?page_id=18354"},"modified":"2025-04-21T08:06:22","modified_gmt":"2025-04-21T08:06:22","slug":"service","status":"publish","type":"page","link":"https:\/\/unicoconsulting.net\/tr\/service\/","title":{"rendered":"Hizmetler"},"content":{"rendered":"<div data-elementor-type=\"wp-page\" data-elementor-id=\"18354\" class=\"elementor elementor-18354\">\n\t\t\t\t\t\t<section class=\"elementor-section elementor-top-section elementor-element elementor-element-5450698 elementor-section-boxed elementor-section-height-default elementor-section-height-default sc_fly_static\" data-id=\"5450698\" data-element_type=\"section\" data-settings=\"{&quot;background_background&quot;:&quot;classic&quot;}\">\n\t\t\t\t\t\t<div class=\"elementor-container elementor-column-gap-extended\">\n\t\t\t\t\t<div class=\"elementor-column elementor-col-100 elementor-top-column elementor-element elementor-element-4dddee1 sc_content_align_inherit sc_layouts_column_icons_position_left sc_fly_static\" data-id=\"4dddee1\" data-element_type=\"column\">\n\t\t\t<div class=\"elementor-widget-wrap elementor-element-populated\">\n\t\t\t\t\t\t<div class=\"elementor-element elementor-element-1c44c60 sc_height_huge sc_fly_static elementor-widget elementor-widget-spacer\" data-id=\"1c44c60\" data-element_type=\"widget\" data-widget_type=\"spacer.default\">\n\t\t\t\t<div class=\"elementor-widget-container\">\n\t\t\t\t\t\t\t<div class=\"elementor-spacer\">\n\t\t\t<div class=\"elementor-spacer-inner\"><\/div>\n\t\t<\/div>\n\t\t\t\t\t\t<\/div>\n\t\t\t\t<\/div>\n\t\t\t\t<div class=\"elementor-element elementor-element-4982923 sc_fly_static elementor-widget elementor-widget-trx_sc_services\" data-id=\"4982923\" data-element_type=\"widget\" data-widget_type=\"trx_sc_services.default\">\n\t\t\t\t<div class=\"elementor-widget-container\">\n\t\t\t\t\t<div class=\"sc_services sc_services_default sc_services_featured_top\"><div class=\"sc_services_columns_wrap sc_item_columns sc_item_posts_container sc_item_columns_4 trx_addons_columns_wrap columns_padding_bottom\"><div class=\"trx_addons_column-1_4\"><div data-post-id=\"21738\" class=\"sc_services_item sc_item_container post_container with_content with_image sc_services_item_featured_top post-21738 cpt_services type-cpt_services status-publish has-post-thumbnail hentry cpt_services_group-services\" data-item-number=\"1\"\r\n>\r\n\t<div class=\"post_featured with_thumb hover_link sc_services_item_thumb\"><img fetchpriority=\"high\" decoding=\"async\" width=\"890\" height=\"664\" src=\"https:\/\/unicoconsulting.net\/wp-content\/uploads\/2025\/04\/market-research-2-890x664.jpg\" class=\"attachment-solio-thumb-square size-solio-thumb-square wp-post-image\" alt=\"\" \/>\t\t\t\t\t\t<div class=\"mask\"><\/div>\n\t\t\t\t\t\t<a class=\"post_link sc_services_item_link\" href=\"https:\/\/unicoconsulting.net\/tr\/services\/market-research\/\"><\/a>\t\t\t<a href=\"https:\/\/unicoconsulting.net\/tr\/services\/market-research\/\"  aria-hidden=\"true\" class=\"link\"><\/a>\r\n\t\t\t<\/div>\t\r\n\t<div class=\"sc_services_item_info\">\r\n\t\t\t\t<div class=\"sc_services_item_header\">\r\n\t\t\t\t\t\t<h4 class=\"sc_services_item_title entry-title\"><a href=\"https:\/\/unicoconsulting.net\/tr\/services\/market-research\/\">Pazar Ara\u015ft\u0131rmas\u0131<\/a><\/h4>\r\n\t\t\t\t\t<\/div>\r\n\t\t                    <div class=\"sc_services_item_content\"><p>\u0130ster T\u00fcrkiye pazar\u0131na giriyor olun, ister yurtd\u0131\u015f\u0131na a\u00e7\u0131l\u0131yor olun, i\u015f f\u0131rsatlar\u0131n\u0131 belirlemenize yard\u0131mc\u0131 oluyoruz.<\/p>\n<\/div><div class=\"sc_services_item_button sc_item_button\">\r\n            <a href=\"https:\/\/unicoconsulting.net\/tr\/services\/market-research\/\" class=\"sc_services_item_more_link\">\r\n                <span class=\"link_text\">\u0130nceleyin<\/span><span class=\"link_icon\"><\/span>\r\n            <\/a>\r\n            <\/div><\/div>\r\n<\/div>\r\n<\/div><div class=\"trx_addons_column-1_4\"><div data-post-id=\"21746\" class=\"sc_services_item sc_item_container post_container with_content with_image sc_services_item_featured_top post-21746 cpt_services type-cpt_services status-publish has-post-thumbnail hentry cpt_services_group-services\" data-item-number=\"2\"\r\n>\r\n\t<div class=\"post_featured with_thumb hover_link sc_services_item_thumb\"><img decoding=\"async\" width=\"890\" height=\"664\" src=\"https:\/\/unicoconsulting.net\/wp-content\/uploads\/2025\/04\/partner-distributor-search-1-890x664.jpg\" class=\"attachment-solio-thumb-square size-solio-thumb-square wp-post-image\" alt=\"\" \/>\t\t\t\t\t\t<div class=\"mask\"><\/div>\n\t\t\t\t\t\t<a class=\"post_link sc_services_item_link\" href=\"https:\/\/unicoconsulting.net\/tr\/services\/partner-distributor-search\/\"><\/a>\t\t\t<a href=\"https:\/\/unicoconsulting.net\/tr\/services\/partner-distributor-search\/\"  aria-hidden=\"true\" class=\"link\"><\/a>\r\n\t\t\t<\/div>\t\r\n\t<div class=\"sc_services_item_info\">\r\n\t\t\t\t<div class=\"sc_services_item_header\">\r\n\t\t\t\t\t\t<h4 class=\"sc_services_item_title entry-title\"><a href=\"https:\/\/unicoconsulting.net\/tr\/services\/partner-distributor-search\/\">Ortak ve Distrib\u00fct\u00f6r Arama<\/a><\/h4>\r\n\t\t\t\t\t<\/div>\r\n\t\t                    <div class=\"sc_services_item_content\"><p>Do\u011fru yerel orta\u011f\u0131 bulmak \u00e7o\u011fu zaman pazara ba\u015far\u0131l\u0131 bir \u015fekilde girmenin anahtar\u0131d\u0131r.<\/p>\n<\/div><div class=\"sc_services_item_button sc_item_button\">\r\n            <a href=\"https:\/\/unicoconsulting.net\/tr\/services\/partner-distributor-search\/\" class=\"sc_services_item_more_link\">\r\n                <span class=\"link_text\">\u0130nceleyin<\/span><span class=\"link_icon\"><\/span>\r\n            <\/a>\r\n            <\/div><\/div>\r\n<\/div>\r\n<\/div><div class=\"trx_addons_column-1_4\"><div data-post-id=\"21747\" class=\"sc_services_item sc_item_container post_container with_content with_image sc_services_item_featured_top post-21747 cpt_services type-cpt_services status-publish has-post-thumbnail hentry cpt_services_group-services\" data-item-number=\"3\"\r\n>\r\n\t<div class=\"post_featured with_thumb hover_link sc_services_item_thumb\"><img decoding=\"async\" width=\"890\" height=\"664\" src=\"https:\/\/unicoconsulting.net\/wp-content\/uploads\/2025\/04\/commercial-representation-2-890x664.jpg\" class=\"attachment-solio-thumb-square size-solio-thumb-square wp-post-image\" alt=\"\" \/>\t\t\t\t\t\t<div class=\"mask\"><\/div>\n\t\t\t\t\t\t<a class=\"post_link sc_services_item_link\" href=\"https:\/\/unicoconsulting.net\/tr\/services\/commercial-representation\/\"><\/a>\t\t\t<a href=\"https:\/\/unicoconsulting.net\/tr\/services\/commercial-representation\/\"  aria-hidden=\"true\" class=\"link\"><\/a>\r\n\t\t\t<\/div>\t\r\n\t<div class=\"sc_services_item_info\">\r\n\t\t\t\t<div class=\"sc_services_item_header\">\r\n\t\t\t\t\t\t<h4 class=\"sc_services_item_title entry-title\"><a href=\"https:\/\/unicoconsulting.net\/tr\/services\/commercial-representation\/\">Ticari Temsilcilik<\/a><\/h4>\r\n\t\t\t\t\t<\/div>\r\n\t\t                    <div class=\"sc_services_item_content\"><p>UNICO, belirli durumlarda T\u00fcrkiye'de veya yurtd\u0131\u015f\u0131nda ticari temsilciniz veya vekiliniz olarak hareket edebilir.<\/p>\n<\/div><div class=\"sc_services_item_button sc_item_button\">\r\n            <a href=\"https:\/\/unicoconsulting.net\/tr\/services\/commercial-representation\/\" class=\"sc_services_item_more_link\">\r\n                <span class=\"link_text\">\u0130nceleyin<\/span><span class=\"link_icon\"><\/span>\r\n            <\/a>\r\n            <\/div><\/div>\r\n<\/div>\r\n<\/div><div class=\"trx_addons_column-1_4\"><div data-post-id=\"21748\" class=\"sc_services_item sc_item_container post_container with_content with_image sc_services_item_featured_top post-21748 cpt_services type-cpt_services status-publish has-post-thumbnail hentry cpt_services_group-services\" data-item-number=\"4\"\r\n>\r\n\t<div class=\"post_featured with_thumb hover_link sc_services_item_thumb\"><img loading=\"lazy\" decoding=\"async\" width=\"890\" height=\"664\" src=\"https:\/\/unicoconsulting.net\/wp-content\/uploads\/2025\/04\/setting-up-a-company-1-890x664.jpg\" class=\"attachment-solio-thumb-square size-solio-thumb-square wp-post-image\" alt=\"\" \/>\t\t\t\t\t\t<div class=\"mask\"><\/div>\n\t\t\t\t\t\t<a class=\"post_link sc_services_item_link\" href=\"https:\/\/unicoconsulting.net\/tr\/services\/setting-up-a-company\/\"><\/a>\t\t\t<a href=\"https:\/\/unicoconsulting.net\/tr\/services\/setting-up-a-company\/\"  aria-hidden=\"true\" class=\"link\"><\/a>\r\n\t\t\t<\/div>\t\r\n\t<div class=\"sc_services_item_info\">\r\n\t\t\t\t<div class=\"sc_services_item_header\">\r\n\t\t\t\t\t\t<h4 class=\"sc_services_item_title entry-title\"><a href=\"https:\/\/unicoconsulting.net\/tr\/services\/setting-up-a-company\/\">\u015eirket Kurulumu<\/a><\/h4>\r\n\t\t\t\t\t<\/div>\r\n\t\t                    <div class=\"sc_services_item_content\"><p>T\u00fcrkiye'de \u015firket kurmak h\u0131zl\u0131 ve basit bir kay\u0131t i\u015flemi olup, t\u00fcm belgeler haz\u0131r oldu\u011funda bir g\u00fcn i\u00e7inde tamamlanabilmektedir.<\/p>\n<\/div><div class=\"sc_services_item_button sc_item_button\">\r\n            <a href=\"https:\/\/unicoconsulting.net\/tr\/services\/setting-up-a-company\/\" class=\"sc_services_item_more_link\">\r\n                <span class=\"link_text\">\u0130nceleyin<\/span><span class=\"link_icon\"><\/span>\r\n            <\/a>\r\n            <\/div><\/div>\r\n<\/div>\r\n<\/div><div class=\"trx_addons_column-1_4\"><div data-post-id=\"21749\" class=\"sc_services_item sc_item_container post_container with_content with_image sc_services_item_featured_top post-21749 cpt_services type-cpt_services status-publish has-post-thumbnail hentry cpt_services_group-services\" data-item-number=\"5\"\r\n>\r\n\t<div class=\"post_featured with_thumb hover_link sc_services_item_thumb\"><img loading=\"lazy\" decoding=\"async\" width=\"890\" height=\"664\" src=\"https:\/\/unicoconsulting.net\/wp-content\/uploads\/2025\/04\/quickcheck-1-890x664.jpg\" class=\"attachment-solio-thumb-square size-solio-thumb-square wp-post-image\" alt=\"\" \/>\t\t\t\t\t\t<div class=\"mask\"><\/div>\n\t\t\t\t\t\t<a class=\"post_link sc_services_item_link\" href=\"https:\/\/unicoconsulting.net\/tr\/services\/quickcheck\/\"><\/a>\t\t\t<a href=\"https:\/\/unicoconsulting.net\/tr\/services\/quickcheck\/\"  aria-hidden=\"true\" class=\"link\"><\/a>\r\n\t\t\t<\/div>\t\r\n\t<div class=\"sc_services_item_info\">\r\n\t\t\t\t<div class=\"sc_services_item_header\">\r\n\t\t\t\t\t\t<h4 class=\"sc_services_item_title entry-title\"><a href=\"https:\/\/unicoconsulting.net\/tr\/services\/quickcheck\/\">H\u0131zl\u0131 Kontrol<\/a><\/h4>\r\n\t\t\t\t\t<\/div>\r\n\t\t                    <div class=\"sc_services_item_content\"><p>On-Time Services, \u00f6zel i\u015f sorular\u0131n\u0131za a\u00e7\u0131k, h\u0131zl\u0131 ve uygun maliyetli bir \u015fekilde yan\u0131t vermek i\u00e7in tasarlanm\u0131\u015f, ki\u015fiye \u00f6zel, h\u0131zl\u0131 yan\u0131t veren \u00e7\u00f6z\u00fcm\u00fcm\u00fczd\u00fcr.<\/p>\n<\/div><div class=\"sc_services_item_button sc_item_button\">\r\n            <a href=\"https:\/\/unicoconsulting.net\/tr\/services\/quickcheck\/\" class=\"sc_services_item_more_link\">\r\n                <span class=\"link_text\">\u0130nceleyin<\/span><span class=\"link_icon\"><\/span>\r\n            <\/a>\r\n            <\/div><\/div>\r\n<\/div>\r\n<\/div><div class=\"trx_addons_column-1_4\"><div data-post-id=\"21750\" class=\"sc_services_item sc_item_container post_container with_content with_image sc_services_item_featured_top post-21750 cpt_services type-cpt_services status-publish has-post-thumbnail hentry cpt_services_group-services\" data-item-number=\"6\"\r\n>\r\n\t<div class=\"post_featured with_thumb hover_link sc_services_item_thumb\"><img loading=\"lazy\" decoding=\"async\" width=\"890\" height=\"664\" src=\"https:\/\/unicoconsulting.net\/wp-content\/uploads\/2025\/04\/operational-administrative-support-1-890x664.jpg\" class=\"attachment-solio-thumb-square size-solio-thumb-square wp-post-image\" alt=\"\" \/>\t\t\t\t\t\t<div class=\"mask\"><\/div>\n\t\t\t\t\t\t<a class=\"post_link sc_services_item_link\" href=\"https:\/\/unicoconsulting.net\/tr\/services\/operational-administrative-support\/\"><\/a>\t\t\t<a href=\"https:\/\/unicoconsulting.net\/tr\/services\/operational-administrative-support\/\"  aria-hidden=\"true\" class=\"link\"><\/a>\r\n\t\t\t<\/div>\t\r\n\t<div class=\"sc_services_item_info\">\r\n\t\t\t\t<div class=\"sc_services_item_header\">\r\n\t\t\t\t\t\t<h4 class=\"sc_services_item_title entry-title\"><a href=\"https:\/\/unicoconsulting.net\/tr\/services\/operational-administrative-support\/\">Operasyonel ve \u0130dari Destek<\/a><\/h4>\r\n\t\t\t\t\t<\/div>\r\n\t\t                    <div class=\"sc_services_item_content\"><p>T\u00fcrkiye'de bir i\u015fletmeyi y\u00f6netmek \u00e7o\u011fu zaman yerel bilgi ve uygulamal\u0131 destek gerektirir. <\/p>\n<\/div><div class=\"sc_services_item_button sc_item_button\">\r\n            <a href=\"https:\/\/unicoconsulting.net\/tr\/services\/operational-administrative-support\/\" class=\"sc_services_item_more_link\">\r\n                <span class=\"link_text\">\u0130nceleyin<\/span><span class=\"link_icon\"><\/span>\r\n            <\/a>\r\n            <\/div><\/div>\r\n<\/div>\r\n<\/div><div class=\"trx_addons_column-1_4\"><div data-post-id=\"21751\" class=\"sc_services_item sc_item_container post_container with_content with_image sc_services_item_featured_top post-21751 cpt_services type-cpt_services status-publish has-post-thumbnail hentry cpt_services_group-services\" data-item-number=\"7\"\r\n>\r\n\t<div class=\"post_featured with_thumb hover_link sc_services_item_thumb\"><img loading=\"lazy\" decoding=\"async\" width=\"890\" height=\"664\" src=\"https:\/\/unicoconsulting.net\/wp-content\/uploads\/2025\/04\/supplier-project-monitoring-2-890x664.jpg\" class=\"attachment-solio-thumb-square size-solio-thumb-square wp-post-image\" alt=\"\" \/>\t\t\t\t\t\t<div class=\"mask\"><\/div>\n\t\t\t\t\t\t<a class=\"post_link sc_services_item_link\" href=\"https:\/\/unicoconsulting.net\/tr\/services\/supplier-project-monitoring\/\"><\/a>\t\t\t<a href=\"https:\/\/unicoconsulting.net\/tr\/services\/supplier-project-monitoring\/\"  aria-hidden=\"true\" class=\"link\"><\/a>\r\n\t\t\t<\/div>\t\r\n\t<div class=\"sc_services_item_info\">\r\n\t\t\t\t<div class=\"sc_services_item_header\">\r\n\t\t\t\t\t\t<h4 class=\"sc_services_item_title entry-title\"><a href=\"https:\/\/unicoconsulting.net\/tr\/services\/supplier-project-monitoring\/\">Tedarik\u00e7i & Proje \u0130zleme<\/a><\/h4>\r\n\t\t\t\t\t<\/div>\r\n\t\t                    <div class=\"sc_services_item_content\"><p>Tedarik zinciriniz, da\u011f\u0131t\u0131mc\u0131lar\u0131n\u0131z veya alt y\u00fcklenicileriniz kurulduktan sonra, kaliteyi, g\u00fcvenilirli\u011fi ve hesap verebilirli\u011fi sa\u011flaman\u0131n anahtar\u0131 s\u00fcrekli kontrold\u00fcr.<\/p>\n<\/div><div class=\"sc_services_item_button sc_item_button\">\r\n            <a href=\"https:\/\/unicoconsulting.net\/tr\/services\/supplier-project-monitoring\/\" class=\"sc_services_item_more_link\">\r\n                <span class=\"link_text\">\u0130nceleyin<\/span><span class=\"link_icon\"><\/span>\r\n            <\/a>\r\n            <\/div><\/div>\r\n<\/div>\r\n<\/div><div class=\"trx_addons_column-1_4\"><div data-post-id=\"21752\" class=\"sc_services_item sc_item_container post_container with_content with_image sc_services_item_featured_top post-21752 cpt_services type-cpt_services status-publish has-post-thumbnail hentry cpt_services_group-services\" data-item-number=\"8\"\r\n>\r\n\t<div class=\"post_featured with_thumb hover_link sc_services_item_thumb\"><img loading=\"lazy\" decoding=\"async\" width=\"890\" height=\"664\" src=\"https:\/\/unicoconsulting.net\/wp-content\/uploads\/2025\/04\/fair-visits-business-follow-up-1-890x664.jpg\" class=\"attachment-solio-thumb-square size-solio-thumb-square wp-post-image\" alt=\"\" \/>\t\t\t\t\t\t<div class=\"mask\"><\/div>\n\t\t\t\t\t\t<a class=\"post_link sc_services_item_link\" href=\"https:\/\/unicoconsulting.net\/tr\/services\/fair-visits-business-follow-up\/\"><\/a>\t\t\t<a href=\"https:\/\/unicoconsulting.net\/tr\/services\/fair-visits-business-follow-up\/\"  aria-hidden=\"true\" class=\"link\"><\/a>\r\n\t\t\t<\/div>\t\r\n\t<div class=\"sc_services_item_info\">\r\n\t\t\t\t<div class=\"sc_services_item_header\">\r\n\t\t\t\t\t\t<h4 class=\"sc_services_item_title entry-title\"><a href=\"https:\/\/unicoconsulting.net\/tr\/services\/fair-visits-business-follow-up\/\">Fuar Ziyaretleri & \u0130\u015f Takibi<\/a><\/h4>\r\n\t\t\t\t\t<\/div>\r\n\t\t                    <div class=\"sc_services_item_content\"><p>T\u00fcrkiye, her y\u0131l uluslararas\u0131 etkinlik \u015firketleri taraf\u0131ndan d\u00fczenlenen ve pek \u00e7ok sekt\u00f6rden \u00f6nemli oyuncular\u0131n kat\u0131ld\u0131\u011f\u0131 \u00e7ok say\u0131da uluslararas\u0131 fuara ev sahipli\u011fi yap\u0131yor.<\/p>\n<\/div><div class=\"sc_services_item_button sc_item_button\">\r\n            <a href=\"https:\/\/unicoconsulting.net\/tr\/services\/fair-visits-business-follow-up\/\" class=\"sc_services_item_more_link\">\r\n                <span class=\"link_text\">\u0130nceleyin<\/span><span class=\"link_icon\"><\/span>\r\n            <\/a>\r\n            <\/div><\/div>\r\n<\/div>\r\n<\/div><\/div><\/div>\t\t\t\t<\/div>\n\t\t\t\t<\/div>\n\t\t\t\t<div class=\"elementor-element elementor-element-9c65019 sc_height_large sc_fly_static elementor-widget elementor-widget-spacer\" data-id=\"9c65019\" data-element_type=\"widget\" data-widget_type=\"spacer.default\">\n\t\t\t\t<div class=\"elementor-widget-container\">\n\t\t\t\t\t\t\t<div class=\"elementor-spacer\">\n\t\t\t<div class=\"elementor-spacer-inner\"><\/div>\n\t\t<\/div>\n\t\t\t\t\t\t<\/div>\n\t\t\t\t<\/div>\n\t\t\t\t\t<\/div>\n\t\t<\/div>\n\t\t\t\t\t<\/div>\n\t\t<\/section>\n\t\t\t\t<\/div>","protected":false},"excerpt":{"rendered":"<p>Commercial Representation Click now to review the service and get detailed information. Review Setting Up a Company Click now to review the service and get detailed information. Review QuickCheck Click&hellip;<\/p>","protected":false},"author":3,"featured_media":0,"parent":0,"menu_order":0,"comment_status":"closed","ping_status":"closed","template":"","meta":{"footnotes":""},"class_list":["post-18354","page","type-page","status-publish","hentry"],"yoast_head":"<!-- This site is optimized with the Yoast SEO plugin v24.8.1 - https:\/\/yoast.com\/wordpress\/plugins\/seo\/ -->\n<title>Services - Unico Consulting<\/title>\n<meta name=\"robots\" content=\"index, follow, max-snippet:-1, max-image-preview:large, max-video-preview:-1\" \/>\n<link rel=\"canonical\" href=\"https:\/\/unicoconsulting.net\/tr\/service\/\" \/>\n<meta property=\"og:locale\" content=\"tr_TR\" \/>\n<meta property=\"og:type\" content=\"article\" \/>\n<meta property=\"og:title\" content=\"Services - Unico Consulting\" \/>\n<meta property=\"og:description\" content=\"Commercial Representation Click now to review the service and get detailed information. Review Setting Up a Company Click now to review the service and get detailed information. Review QuickCheck Click&hellip;\" \/>\n<meta property=\"og:url\" content=\"https:\/\/unicoconsulting.net\/tr\/service\/\" \/>\n<meta property=\"og:site_name\" content=\"Unico Consulting\" \/>\n<meta property=\"article:modified_time\" content=\"2025-04-21T08:06:22+00:00\" \/>\n<meta property=\"og:image\" content=\"https:\/\/unicoconsulting.net\/wp-content\/uploads\/2025\/04\/commercial-representation-2-890x664.jpg\" \/>\n<meta name=\"twitter:card\" content=\"summary_large_image\" \/>\n<meta name=\"twitter:label1\" content=\"Tahmini okuma s\u00fcresi\" \/>\n\t<meta name=\"twitter:data1\" content=\"3 dakika\" \/>\n<script type=\"application\/ld+json\" class=\"yoast-schema-graph\">{\"@context\":\"https:\/\/schema.org\",\"@graph\":[{\"@type\":\"WebPage\",\"@id\":\"https:\/\/unicoconsulting.net\/service\/\",\"url\":\"https:\/\/unicoconsulting.net\/service\/\",\"name\":\"Services - Unico Consulting\",\"isPartOf\":{\"@id\":\"https:\/\/unicoconsulting.net\/#website\"},\"primaryImageOfPage\":{\"@id\":\"https:\/\/unicoconsulting.net\/service\/#primaryimage\"},\"image\":{\"@id\":\"https:\/\/unicoconsulting.net\/service\/#primaryimage\"},\"thumbnailUrl\":\"https:\/\/unicoconsulting.net\/wp-content\/uploads\/2025\/04\/commercial-representation-2-890x664.jpg\",\"datePublished\":\"2023-11-27T20:44:39+00:00\",\"dateModified\":\"2025-04-21T08:06:22+00:00\",\"breadcrumb\":{\"@id\":\"https:\/\/unicoconsulting.net\/service\/#breadcrumb\"},\"inLanguage\":\"tr\",\"potentialAction\":[{\"@type\":\"ReadAction\",\"target\":[\"https:\/\/unicoconsulting.net\/service\/\"]}]},{\"@type\":\"ImageObject\",\"inLanguage\":\"tr\",\"@id\":\"https:\/\/unicoconsulting.net\/service\/#primaryimage\",\"url\":\"https:\/\/unicoconsulting.net\/wp-content\/uploads\/2025\/04\/commercial-representation-2-890x664.jpg\",\"contentUrl\":\"https:\/\/unicoconsulting.net\/wp-content\/uploads\/2025\/04\/commercial-representation-2-890x664.jpg\"},{\"@type\":\"BreadcrumbList\",\"@id\":\"https:\/\/unicoconsulting.net\/service\/#breadcrumb\",\"itemListElement\":[{\"@type\":\"ListItem\",\"position\":1,\"name\":\"Home\",\"item\":\"https:\/\/unicoconsulting.net\/\"},{\"@type\":\"ListItem\",\"position\":2,\"name\":\"Services\"}]},{\"@type\":\"WebSite\",\"@id\":\"https:\/\/unicoconsulting.net\/#website\",\"url\":\"https:\/\/unicoconsulting.net\/\",\"name\":\"Unico Consulting\",\"description\":\"\",\"publisher\":{\"@id\":\"https:\/\/unicoconsulting.net\/#organization\"},\"potentialAction\":[{\"@type\":\"SearchAction\",\"target\":{\"@type\":\"EntryPoint\",\"urlTemplate\":\"https:\/\/unicoconsulting.net\/?s={search_term_string}\"},\"query-input\":{\"@type\":\"PropertyValueSpecification\",\"valueRequired\":true,\"valueName\":\"search_term_string\"}}],\"inLanguage\":\"tr\"},{\"@type\":\"Organization\",\"@id\":\"https:\/\/unicoconsulting.net\/#organization\",\"name\":\"Unico Consulting\",\"url\":\"https:\/\/unicoconsulting.net\/\",\"logo\":{\"@type\":\"ImageObject\",\"inLanguage\":\"tr\",\"@id\":\"https:\/\/unicoconsulting.net\/#\/schema\/logo\/image\/\",\"url\":\"https:\/\/unicoconsulting.net\/wp-content\/uploads\/2025\/09\/Unico-H2G_together_with_transparent.png\",\"contentUrl\":\"https:\/\/unicoconsulting.net\/wp-content\/uploads\/2025\/09\/Unico-H2G_together_with_transparent.png\",\"width\":463,\"height\":246,\"caption\":\"Unico Consulting\"},\"image\":{\"@id\":\"https:\/\/unicoconsulting.net\/#\/schema\/logo\/image\/\"}}]}<\/script>\n<!-- \/ Yoast SEO plugin. -->","yoast_head_json":{"title":"Services - Unico Consulting","robots":{"index":"index","follow":"follow","max-snippet":"max-snippet:-1","max-image-preview":"max-image-preview:large","max-video-preview":"max-video-preview:-1"},"canonical":"https:\/\/unicoconsulting.net\/tr\/service\/","og_locale":"tr_TR","og_type":"article","og_title":"Services - Unico Consulting","og_description":"Commercial Representation Click now to review the service and get detailed information. Review Setting Up a Company Click now to review the service and get detailed information. Review QuickCheck Click&hellip;","og_url":"https:\/\/unicoconsulting.net\/tr\/service\/","og_site_name":"Unico Consulting","article_modified_time":"2025-04-21T08:06:22+00:00","og_image":[{"url":"https:\/\/unicoconsulting.net\/wp-content\/uploads\/2025\/04\/commercial-representation-2-890x664.jpg","type":"","width":"","height":""}],"twitter_card":"summary_large_image","twitter_misc":{"Tahmini okuma s\u00fcresi":"3 dakika"},"schema":{"@context":"https:\/\/schema.org","@graph":[{"@type":"WebPage","@id":"https:\/\/unicoconsulting.net\/service\/","url":"https:\/\/unicoconsulting.net\/service\/","name":"Services - Unico Consulting","isPartOf":{"@id":"https:\/\/unicoconsulting.net\/#website"},"primaryImageOfPage":{"@id":"https:\/\/unicoconsulting.net\/service\/#primaryimage"},"image":{"@id":"https:\/\/unicoconsulting.net\/service\/#primaryimage"},"thumbnailUrl":"https:\/\/unicoconsulting.net\/wp-content\/uploads\/2025\/04\/commercial-representation-2-890x664.jpg","datePublished":"2023-11-27T20:44:39+00:00","dateModified":"2025-04-21T08:06:22+00:00","breadcrumb":{"@id":"https:\/\/unicoconsulting.net\/service\/#breadcrumb"},"inLanguage":"tr","potentialAction":[{"@type":"ReadAction","target":["https:\/\/unicoconsulting.net\/service\/"]}]},{"@type":"ImageObject","inLanguage":"tr","@id":"https:\/\/unicoconsulting.net\/service\/#primaryimage","url":"https:\/\/unicoconsulting.net\/wp-content\/uploads\/2025\/04\/commercial-representation-2-890x664.jpg","contentUrl":"https:\/\/unicoconsulting.net\/wp-content\/uploads\/2025\/04\/commercial-representation-2-890x664.jpg"},{"@type":"BreadcrumbList","@id":"https:\/\/unicoconsulting.net\/service\/#breadcrumb","itemListElement":[{"@type":"ListItem","position":1,"name":"Home","item":"https:\/\/unicoconsulting.net\/"},{"@type":"ListItem","position":2,"name":"Services"}]},{"@type":"WebSite","@id":"https:\/\/unicoconsulting.net\/#website","url":"https:\/\/unicoconsulting.net\/","name":"Unico Consulting","description":"","publisher":{"@id":"https:\/\/unicoconsulting.net\/#organization"},"potentialAction":[{"@type":"SearchAction","target":{"@type":"EntryPoint","urlTemplate":"https:\/\/unicoconsulting.net\/?s={search_term_string}"},"query-input":{"@type":"PropertyValueSpecification","valueRequired":true,"valueName":"search_term_string"}}],"inLanguage":"tr"},{"@type":"Organization","@id":"https:\/\/unicoconsulting.net\/#organization","name":"Unico Consulting","url":"https:\/\/unicoconsulting.net\/","logo":{"@type":"ImageObject","inLanguage":"tr","@id":"https:\/\/unicoconsulting.net\/#\/schema\/logo\/image\/","url":"https:\/\/unicoconsulting.net\/wp-content\/uploads\/2025\/09\/Unico-H2G_together_with_transparent.png","contentUrl":"https:\/\/unicoconsulting.net\/wp-content\/uploads\/2025\/09\/Unico-H2G_together_with_transparent.png","width":463,"height":246,"caption":"Unico Consulting"},"image":{"@id":"https:\/\/unicoconsulting.net\/#\/schema\/logo\/image\/"}}]}},"_links":{"self":[{"href":"https:\/\/unicoconsulting.net\/tr\/wp-json\/wp\/v2\/pages\/18354","targetHints":{"allow":["GET"]}}],"collection":[{"href":"https:\/\/unicoconsulting.net\/tr\/wp-json\/wp\/v2\/pages"}],"about":[{"href":"https:\/\/unicoconsulting.net\/tr\/wp-json\/wp\/v2\/types\/page"}],"author":[{"embeddable":true,"href":"https:\/\/unicoconsulting.net\/tr\/wp-json\/wp\/v2\/users\/3"}],"replies":[{"embeddable":true,"href":"https:\/\/unicoconsulting.net\/tr\/wp-json\/wp\/v2\/comments?post=18354"}],"version-history":[{"count":25,"href":"https:\/\/unicoconsulting.net\/tr\/wp-json\/wp\/v2\/pages\/18354\/revisions"}],"predecessor-version":[{"id":22333,"href":"https:\/\/unicoconsulting.net\/tr\/wp-json\/wp\/v2\/pages\/18354\/revisions\/22333"}],"wp:attachment":[{"href":"https:\/\/unicoconsulting.net\/tr\/wp-json\/wp\/v2\/media?parent=18354"}],"curies":[{"name":"wp","href":"https:\/\/api.w.org\/{rel}","templated":true}]}}