{"id":22305,"date":"2025-04-21T07:47:25","date_gmt":"2025-04-21T07:47:25","guid":{"rendered":"https:\/\/unicoconsulting.net\/?page_id=22305"},"modified":"2025-04-21T08:35:17","modified_gmt":"2025-04-21T08:35:17","slug":"testimonials","status":"publish","type":"page","link":"https:\/\/unicoconsulting.net\/es\/testimonials\/","title":{"rendered":"Testimonios"},"content":{"rendered":"<div data-elementor-type=\"wp-page\" data-elementor-id=\"22305\" class=\"elementor elementor-22305\">\n\t\t\t\t\t\t<section class=\"elementor-section elementor-top-section elementor-element elementor-element-49daef7 scheme_default elementor-section-boxed elementor-section-height-default elementor-section-height-default sc_fly_static\" data-id=\"49daef7\" data-element_type=\"section\" data-settings=\"{&quot;background_background&quot;:&quot;classic&quot;}\">\n\t\t\t\t\t\t<div class=\"elementor-container elementor-column-gap-extended\">\n\t\t\t\t\t<div class=\"elementor-column elementor-col-100 elementor-top-column elementor-element elementor-element-e6e8e3a sc_content_align_inherit sc_layouts_column_icons_position_left sc_fly_static\" data-id=\"e6e8e3a\" data-element_type=\"column\">\n\t\t\t<div class=\"elementor-widget-wrap elementor-element-populated\">\n\t\t\t\t\t\t<div class=\"elementor-element elementor-element-c92c9cc sc_height_huge sc_fly_static elementor-widget elementor-widget-spacer\" data-id=\"c92c9cc\" data-element_type=\"widget\" data-widget_type=\"spacer.default\">\n\t\t\t\t<div class=\"elementor-widget-container\">\n\t\t\t\t\t\t\t<div class=\"elementor-spacer\">\n\t\t\t<div class=\"elementor-spacer-inner\"><\/div>\n\t\t<\/div>\n\t\t\t\t\t\t<\/div>\n\t\t\t\t<\/div>\n\t\t\t\t\t<\/div>\n\t\t<\/div>\n\t\t\t\t\t<\/div>\n\t\t<\/section>\n\t\t\t\t<section class=\"elementor-section elementor-top-section elementor-element elementor-element-4216144 elementor-section-boxed elementor-section-height-default elementor-section-height-default sc_fly_static\" data-id=\"4216144\" data-element_type=\"section\">\n\t\t\t\t\t\t<div class=\"elementor-container elementor-column-gap-extended\">\n\t\t\t\t\t<div class=\"elementor-column elementor-col-100 elementor-top-column elementor-element elementor-element-afa34fe sc_content_align_inherit sc_layouts_column_icons_position_left sc_fly_static\" data-id=\"afa34fe\" data-element_type=\"column\">\n\t\t\t<div class=\"elementor-widget-wrap elementor-element-populated\">\n\t\t\t\t\t\t<div class=\"elementor-element elementor-element-9cc9d66 sc_fly_static elementor-widget elementor-widget-trx_sc_testimonials\" data-id=\"9cc9d66\" data-element_type=\"widget\" data-widget_type=\"trx_sc_testimonials.default\">\n\t\t\t\t<div class=\"elementor-widget-container\">\n\t\t\t\t\t<div \t\tclass=\"sc_testimonials sc_testimonials_accent\"><div class=\"sc_testimonials_columns_wrap sc_item_columns trx_addons_columns_wrap columns_padding_bottom\"><div class=\"trx_addons_column-1_2\"><div data-post-id=\"22040\" class=\"sc_testimonials_item sc_item_container post_container\">\r\n\t<div class=\"sc_testimonials_item_content\">\r\n<p><\/p>\r\n<p>Lorem ipsum lorem ipsum lorem ipsum lorem ipsum Lorem ipsum lorem ipsum lorem ipsum lorem ipsum Lorem ipsum lorem ipsum lorem ipsum lorem ipsum Lorem ipsum lorem ipsum lorem ipsum lorem ipsum Lorem ipsum lorem ipsum lorem ipsum lorem ipsum Lorem ipsum lorem ipsum lorem ipsum lorem ipsum.<\/p>\r\n<p><\/p>\r\n<\/div>\r\n\t<div class=\"sc_testimonials_item_author\">\r\n\t\t\t\t\t<div class=\"sc_testimonials_item_author_avatar\"><img decoding=\"async\" width=\"120\" height=\"120\" src=\"https:\/\/unicoconsulting.net\/wp-content\/uploads\/2023\/12\/testi-13-copyright-120x120.jpg\" class=\"attachment-solio-thumb-tiny size-solio-thumb-tiny wp-post-image\" alt=\"Jose Ramon Prado\" srcset=\"https:\/\/unicoconsulting.net\/wp-content\/uploads\/2023\/12\/testi-13-copyright-120x120.jpg 120w, https:\/\/unicoconsulting.net\/wp-content\/uploads\/2023\/12\/testi-13-copyright-300x300.jpg 300w, https:\/\/unicoconsulting.net\/wp-content\/uploads\/2023\/12\/testi-13-copyright-1024x1024.jpg 1024w, https:\/\/unicoconsulting.net\/wp-content\/uploads\/2023\/12\/testi-13-copyright-150x150.jpg 150w, https:\/\/unicoconsulting.net\/wp-content\/uploads\/2023\/12\/testi-13-copyright-768x768.jpg 768w, https:\/\/unicoconsulting.net\/wp-content\/uploads\/2023\/12\/testi-13-copyright-370x370.jpg 370w, https:\/\/unicoconsulting.net\/wp-content\/uploads\/2023\/12\/testi-13-copyright-840x840.jpg 840w, https:\/\/unicoconsulting.net\/wp-content\/uploads\/2023\/12\/testi-13-copyright-410x410.jpg 410w, https:\/\/unicoconsulting.net\/wp-content\/uploads\/2023\/12\/testi-13-copyright-630x630.jpg 630w, https:\/\/unicoconsulting.net\/wp-content\/uploads\/2023\/12\/testi-13-copyright-600x600.jpg 600w, https:\/\/unicoconsulting.net\/wp-content\/uploads\/2023\/12\/testi-13-copyright.jpg 1200w\" sizes=\"(max-width: 120px) 100vw, 120px\" \/><\/div>\r\n\t\t\t\t<div class=\"sc_testimonials_item_author_data\">\r\n\t\t\t<h4 class=\"sc_testimonials_item_author_title\">Jose Ramon Prado<\/h4>\r\n\t\t\t<div class=\"sc_testimonials_item_author_subtitle\">Grupo TSK<\/div>\t\t<\/div>\r\n\t<\/div>\r\n<\/div>\r\n<\/div><div class=\"trx_addons_column-1_2\"><div data-post-id=\"22037\" class=\"sc_testimonials_item sc_item_container post_container\">\r\n\t<div class=\"sc_testimonials_item_content\">\r\n<p>Lorem ipsum lorem ipsum lorem ipsum lorem ipsum Lorem ipsum lorem ipsum lorem ipsum lorem ipsum Lorem ipsum lorem ipsum lorem ipsum lorem ipsum Lorem ipsum lorem ipsum lorem ipsum lorem ipsum Lorem ipsum lorem ipsum lorem ipsum lorem ipsum Lorem ipsum lorem ipsum lorem ipsum lorem ipsum.<\/p>\r\n<\/div>\r\n\t<div class=\"sc_testimonials_item_author\">\r\n\t\t\t\t\t<div class=\"sc_testimonials_item_author_avatar\"><img decoding=\"async\" width=\"120\" height=\"120\" src=\"https:\/\/unicoconsulting.net\/wp-content\/uploads\/2023\/12\/testi-13-copyright-120x120.jpg\" class=\"attachment-solio-thumb-tiny size-solio-thumb-tiny wp-post-image\" alt=\"Gonzalo Ceballos\" srcset=\"https:\/\/unicoconsulting.net\/wp-content\/uploads\/2023\/12\/testi-13-copyright-120x120.jpg 120w, https:\/\/unicoconsulting.net\/wp-content\/uploads\/2023\/12\/testi-13-copyright-300x300.jpg 300w, https:\/\/unicoconsulting.net\/wp-content\/uploads\/2023\/12\/testi-13-copyright-1024x1024.jpg 1024w, https:\/\/unicoconsulting.net\/wp-content\/uploads\/2023\/12\/testi-13-copyright-150x150.jpg 150w, https:\/\/unicoconsulting.net\/wp-content\/uploads\/2023\/12\/testi-13-copyright-768x768.jpg 768w, https:\/\/unicoconsulting.net\/wp-content\/uploads\/2023\/12\/testi-13-copyright-370x370.jpg 370w, https:\/\/unicoconsulting.net\/wp-content\/uploads\/2023\/12\/testi-13-copyright-840x840.jpg 840w, https:\/\/unicoconsulting.net\/wp-content\/uploads\/2023\/12\/testi-13-copyright-410x410.jpg 410w, https:\/\/unicoconsulting.net\/wp-content\/uploads\/2023\/12\/testi-13-copyright-630x630.jpg 630w, https:\/\/unicoconsulting.net\/wp-content\/uploads\/2023\/12\/testi-13-copyright-600x600.jpg 600w, https:\/\/unicoconsulting.net\/wp-content\/uploads\/2023\/12\/testi-13-copyright.jpg 1200w\" sizes=\"(max-width: 120px) 100vw, 120px\" \/><\/div>\r\n\t\t\t\t<div class=\"sc_testimonials_item_author_data\">\r\n\t\t\t<h4 class=\"sc_testimonials_item_author_title\">Gonzalo Ceballos<\/h4>\r\n\t\t\t<div class=\"sc_testimonials_item_author_subtitle\">Tur Espa\u00f1a<\/div>\t\t<\/div>\r\n\t<\/div>\r\n<\/div>\r\n<\/div><div class=\"trx_addons_column-1_2\"><div data-post-id=\"19896\" class=\"sc_testimonials_item sc_item_container post_container\">\r\n\t<div class=\"sc_testimonials_item_content\">\r\n<p><\/p>\r\n<p>Unico Consulting ha sido un socio esencial para ayudarnos a explorar y expandirnos en los mercados internacionales. Su aporte estrat\u00e9gico y su enfoque pr\u00e1ctico han aportado un valor a\u00f1adido a nuestras operaciones en el extranjero.<\/p>\r\n<\/div>\r\n\t<div class=\"sc_testimonials_item_author\">\r\n\t\t\t\t\t<div class=\"sc_testimonials_item_author_avatar\"><img decoding=\"async\" width=\"120\" height=\"120\" src=\"https:\/\/unicoconsulting.net\/wp-content\/uploads\/2023\/12\/Celal-Toroglu-120x120.png\" class=\"attachment-solio-thumb-tiny size-solio-thumb-tiny wp-post-image\" alt=\"Celal Toro\u011flu\" srcset=\"https:\/\/unicoconsulting.net\/wp-content\/uploads\/2023\/12\/Celal-Toroglu-120x120.png 120w, https:\/\/unicoconsulting.net\/wp-content\/uploads\/2023\/12\/Celal-Toroglu-300x300.png 300w, https:\/\/unicoconsulting.net\/wp-content\/uploads\/2023\/12\/Celal-Toroglu-150x150.png 150w, https:\/\/unicoconsulting.net\/wp-content\/uploads\/2023\/12\/Celal-Toroglu-370x370.png 370w, https:\/\/unicoconsulting.net\/wp-content\/uploads\/2023\/12\/Celal-Toroglu-410x410.png 410w, https:\/\/unicoconsulting.net\/wp-content\/uploads\/2023\/12\/Celal-Toroglu.png 500w\" sizes=\"(max-width: 120px) 100vw, 120px\" \/><\/div>\r\n\t\t\t\t<div class=\"sc_testimonials_item_author_data\">\r\n\t\t\t<h4 class=\"sc_testimonials_item_author_title\">Celal Toro\u011flu<\/h4>\r\n\t\t\t<div class=\"sc_testimonials_item_author_subtitle\">NCT Consulting<\/div>\t\t<\/div>\r\n\t<\/div>\r\n<\/div>\r\n<\/div><div class=\"trx_addons_column-1_2\"><div data-post-id=\"19781\" class=\"sc_testimonials_item sc_item_container post_container\">\r\n\t<div class=\"sc_testimonials_item_content\"><p>Querido Eren, \u00a1Dios m\u00edo! Eres la persona m\u00e1s maravillosa que he conocido, \u00a1y me cuidas tan bien! Has hecho un trabajo excepcional. \u00a1Tengo muchas ganas de conocerte pronto!<\/p>\n<\/div>\r\n\t<div class=\"sc_testimonials_item_author\">\r\n\t\t\t\t\t<div class=\"sc_testimonials_item_author_avatar\"><img loading=\"lazy\" decoding=\"async\" width=\"120\" height=\"120\" src=\"https:\/\/unicoconsulting.net\/wp-content\/uploads\/2023\/12\/Stefania-Della-1-120x120.png\" class=\"attachment-solio-thumb-tiny size-solio-thumb-tiny wp-post-image\" alt=\"Stefania Della Vedova\" srcset=\"https:\/\/unicoconsulting.net\/wp-content\/uploads\/2023\/12\/Stefania-Della-1-120x120.png 120w, https:\/\/unicoconsulting.net\/wp-content\/uploads\/2023\/12\/Stefania-Della-1-300x300.png 300w, https:\/\/unicoconsulting.net\/wp-content\/uploads\/2023\/12\/Stefania-Della-1-150x150.png 150w, https:\/\/unicoconsulting.net\/wp-content\/uploads\/2023\/12\/Stefania-Della-1-370x370.png 370w, https:\/\/unicoconsulting.net\/wp-content\/uploads\/2023\/12\/Stefania-Della-1-410x410.png 410w, https:\/\/unicoconsulting.net\/wp-content\/uploads\/2023\/12\/Stefania-Della-1.png 500w\" sizes=\"(max-width: 120px) 100vw, 120px\" \/><\/div>\r\n\t\t\t\t<div class=\"sc_testimonials_item_author_data\">\r\n\t\t\t<h4 class=\"sc_testimonials_item_author_title\">Stefania Della Vedova<\/h4>\r\n\t\t\t<div class=\"sc_testimonials_item_author_subtitle\">Antonio Nadal Distilleries<\/div>\t\t<\/div>\r\n\t<\/div>\r\n<\/div>\r\n<\/div><div class=\"trx_addons_column-1_2\"><div data-post-id=\"19779\" class=\"sc_testimonials_item sc_item_container post_container\">\r\n\t<div class=\"sc_testimonials_item_content\">\r\n<p><\/p>\r\n<p>He trabajado con muchas consultoras, pero Unico Consulting destaca por su fiabilidad y proactividad. La siento como una extensi\u00f3n de nuestro equipo.<\/p>\r\n<\/div>\r\n\t<div class=\"sc_testimonials_item_author\">\r\n\t\t\t\t\t<div class=\"sc_testimonials_item_author_avatar\"><img loading=\"lazy\" decoding=\"async\" width=\"120\" height=\"120\" src=\"https:\/\/unicoconsulting.net\/wp-content\/uploads\/2023\/12\/RUBEN-PEZER-SOBRINOYA-121-120x120.jpg\" class=\"attachment-solio-thumb-tiny size-solio-thumb-tiny wp-post-image\" alt=\"Ruben Perez Sobrino\" srcset=\"https:\/\/unicoconsulting.net\/wp-content\/uploads\/2023\/12\/RUBEN-PEZER-SOBRINOYA-121-120x120.jpg 120w, https:\/\/unicoconsulting.net\/wp-content\/uploads\/2023\/12\/RUBEN-PEZER-SOBRINOYA-121-300x300.jpg 300w, https:\/\/unicoconsulting.net\/wp-content\/uploads\/2023\/12\/RUBEN-PEZER-SOBRINOYA-121-150x150.jpg 150w, https:\/\/unicoconsulting.net\/wp-content\/uploads\/2023\/12\/RUBEN-PEZER-SOBRINOYA-121-12x12.jpg 12w, https:\/\/unicoconsulting.net\/wp-content\/uploads\/2023\/12\/RUBEN-PEZER-SOBRINOYA-121-370x370.jpg 370w, https:\/\/unicoconsulting.net\/wp-content\/uploads\/2023\/12\/RUBEN-PEZER-SOBRINOYA-121-410x410.jpg 410w, https:\/\/unicoconsulting.net\/wp-content\/uploads\/2023\/12\/RUBEN-PEZER-SOBRINOYA-121.jpg 500w\" sizes=\"(max-width: 120px) 100vw, 120px\" \/><\/div>\r\n\t\t\t\t<div class=\"sc_testimonials_item_author_data\">\r\n\t\t\t<h4 class=\"sc_testimonials_item_author_title\">Ruben Perez Sobrino<\/h4>\r\n\t\t\t<div class=\"sc_testimonials_item_author_subtitle\">Seresco<\/div>\t\t<\/div>\r\n\t<\/div>\r\n<\/div>\r\n<\/div><div class=\"trx_addons_column-1_2\"><div data-post-id=\"22039\" class=\"sc_testimonials_item sc_item_container post_container\">\r\n\t<div class=\"sc_testimonials_item_content\">\r\n<p><\/p>\r\n<p>Los servicios encargados por esta C\u00e1mara de Comercio y realizados por Unico Consulting se han completado con \u00e9xito, cumpliendo con los est\u00e1ndares de calidad y profesionalismo requeridos. Su colaboraci\u00f3n ha sido beneficiosa para nuestra instituci\u00f3n, por lo que mantenemos nuestro inter\u00e9s en continuar nuestra relaci\u00f3n para futuras colaboraciones.<\/p>\r\n<\/div>\r\n\t<div class=\"sc_testimonials_item_author\">\r\n\t\t\t\t\t<div class=\"sc_testimonials_item_author_avatar\"><img loading=\"lazy\" decoding=\"async\" width=\"120\" height=\"120\" src=\"https:\/\/unicoconsulting.net\/wp-content\/uploads\/2025\/04\/Montse-Llimos-120x120.jpg\" class=\"attachment-solio-thumb-tiny size-solio-thumb-tiny wp-post-image\" alt=\"Montserrat Llim\u00f3s Torres\" srcset=\"https:\/\/unicoconsulting.net\/wp-content\/uploads\/2025\/04\/Montse-Llimos-120x120.jpg 120w, https:\/\/unicoconsulting.net\/wp-content\/uploads\/2025\/04\/Montse-Llimos-300x300.jpg 300w, https:\/\/unicoconsulting.net\/wp-content\/uploads\/2025\/04\/Montse-Llimos-150x150.jpg 150w, https:\/\/unicoconsulting.net\/wp-content\/uploads\/2025\/04\/Montse-Llimos-370x370.jpg 370w, https:\/\/unicoconsulting.net\/wp-content\/uploads\/2025\/04\/Montse-Llimos-410x410.jpg 410w, https:\/\/unicoconsulting.net\/wp-content\/uploads\/2025\/04\/Montse-Llimos.jpg 500w\" sizes=\"(max-width: 120px) 100vw, 120px\" \/><\/div>\r\n\t\t\t\t<div class=\"sc_testimonials_item_author_data\">\r\n\t\t\t<h4 class=\"sc_testimonials_item_author_title\">Montserrat Llim\u00f3s Torres<\/h4>\r\n\t\t\t<div class=\"sc_testimonials_item_author_subtitle\">Chamber of Commerce of Terrasa<\/div>\t\t<\/div>\r\n\t<\/div>\r\n<\/div>\r\n<\/div><div class=\"trx_addons_column-1_2\"><div data-post-id=\"22038\" class=\"sc_testimonials_item sc_item_container post_container\">\r\n\t<div class=\"sc_testimonials_item_content\">\r\n<p><\/p>\r\n<p>Unico Consulting, est\u00e1 registrada en el Registro de Proveedores de Servicios de Consultor\u00eda de Asturex \u2013 Red Externa para el mercado turco desde 2013.<\/p>\r\n<p><\/p>\r\n<\/div>\r\n\t<div class=\"sc_testimonials_item_author\">\r\n\t\t\t\t\t<div class=\"sc_testimonials_item_author_avatar\"><img loading=\"lazy\" decoding=\"async\" width=\"120\" height=\"120\" src=\"https:\/\/unicoconsulting.net\/wp-content\/uploads\/2025\/04\/Bruno-Lopez-120x120.jpg\" class=\"attachment-solio-thumb-tiny size-solio-thumb-tiny wp-post-image\" alt=\"Bruno Lopez\" srcset=\"https:\/\/unicoconsulting.net\/wp-content\/uploads\/2025\/04\/Bruno-Lopez-120x120.jpg 120w, https:\/\/unicoconsulting.net\/wp-content\/uploads\/2025\/04\/Bruno-Lopez-300x300.jpg 300w, https:\/\/unicoconsulting.net\/wp-content\/uploads\/2025\/04\/Bruno-Lopez-150x150.jpg 150w, https:\/\/unicoconsulting.net\/wp-content\/uploads\/2025\/04\/Bruno-Lopez-370x370.jpg 370w, https:\/\/unicoconsulting.net\/wp-content\/uploads\/2025\/04\/Bruno-Lopez-410x410.jpg 410w, https:\/\/unicoconsulting.net\/wp-content\/uploads\/2025\/04\/Bruno-Lopez.jpg 500w\" sizes=\"(max-width: 120px) 100vw, 120px\" \/><\/div>\r\n\t\t\t\t<div class=\"sc_testimonials_item_author_data\">\r\n\t\t\t<h4 class=\"sc_testimonials_item_author_title\">Bruno Lopez<\/h4>\r\n\t\t\t<div class=\"sc_testimonials_item_author_subtitle\">Asturex<\/div>\t\t<\/div>\r\n\t<\/div>\r\n<\/div>\r\n<\/div><\/div><\/div><!-- \/.sc_testimonials -->\t\t\t\t<\/div>\n\t\t\t\t<\/div>\n\t\t\t\t\t<\/div>\n\t\t<\/div>\n\t\t\t\t\t<\/div>\n\t\t<\/section>\n\t\t\t\t<section class=\"elementor-section elementor-top-section elementor-element elementor-element-d727905 elementor-section-boxed elementor-section-height-default elementor-section-height-default sc_fly_static\" data-id=\"d727905\" data-element_type=\"section\">\n\t\t\t\t\t\t<div class=\"elementor-container elementor-column-gap-extended\">\n\t\t\t\t\t<div class=\"elementor-column elementor-col-100 elementor-top-column elementor-element elementor-element-556cd05 sc_content_align_inherit sc_layouts_column_icons_position_left sc_fly_static\" data-id=\"556cd05\" data-element_type=\"column\">\n\t\t\t<div class=\"elementor-widget-wrap elementor-element-populated\">\n\t\t\t\t\t\t<div class=\"elementor-element elementor-element-d02f5ae sc_height_large sc_fly_static elementor-widget elementor-widget-spacer\" data-id=\"d02f5ae\" data-element_type=\"widget\" data-widget_type=\"spacer.default\">\n\t\t\t\t<div class=\"elementor-widget-container\">\n\t\t\t\t\t\t\t<div class=\"elementor-spacer\">\n\t\t\t<div class=\"elementor-spacer-inner\"><\/div>\n\t\t<\/div>\n\t\t\t\t\t\t<\/div>\n\t\t\t\t<\/div>\n\t\t\t\t\t<\/div>\n\t\t<\/div>\n\t\t\t\t\t<\/div>\n\t\t<\/section>\n\t\t\t\t<\/div>","protected":false},"excerpt":{"rendered":"<p>Unico Consulting has been an essential partner in helping us explore and expand in international markets. Their strategic input and hands-on approcah have addded real valiue to our operations abroad.&hellip;<\/p>","protected":false},"author":1,"featured_media":0,"parent":0,"menu_order":0,"comment_status":"closed","ping_status":"closed","template":"","meta":{"footnotes":""},"class_list":["post-22305","page","type-page","status-publish","hentry"],"yoast_head":"<!-- This site is optimized with the Yoast SEO plugin v24.8.1 - https:\/\/yoast.com\/wordpress\/plugins\/seo\/ -->\n<title>Testimonials - Unico Consulting<\/title>\n<meta name=\"robots\" content=\"index, follow, max-snippet:-1, max-image-preview:large, max-video-preview:-1\" \/>\n<link rel=\"canonical\" href=\"https:\/\/unicoconsulting.net\/es\/testimonials\/\" \/>\n<meta property=\"og:locale\" content=\"es_ES\" \/>\n<meta property=\"og:type\" content=\"article\" \/>\n<meta property=\"og:title\" content=\"Testimonials - Unico Consulting\" \/>\n<meta property=\"og:description\" content=\"Unico Consulting has been an essential partner in helping us explore and expand in international markets. Their strategic input and hands-on approcah have addded real valiue to our operations abroad.&hellip;\" \/>\n<meta property=\"og:url\" content=\"https:\/\/unicoconsulting.net\/es\/testimonials\/\" \/>\n<meta property=\"og:site_name\" content=\"Unico Consulting\" \/>\n<meta property=\"article:modified_time\" content=\"2025-04-21T08:35:17+00:00\" \/>\n<meta property=\"og:image\" content=\"https:\/\/unicoconsulting.net\/wp-content\/uploads\/2023\/12\/Celal-Toroglu-120x120.png\" \/>\n<meta name=\"twitter:card\" content=\"summary_large_image\" \/>\n<meta name=\"twitter:label1\" content=\"Tiempo de lectura\" \/>\n\t<meta name=\"twitter:data1\" content=\"2 minutos\" \/>\n<script type=\"application\/ld+json\" class=\"yoast-schema-graph\">{\"@context\":\"https:\/\/schema.org\",\"@graph\":[{\"@type\":\"WebPage\",\"@id\":\"https:\/\/unicoconsulting.net\/testimonials\/\",\"url\":\"https:\/\/unicoconsulting.net\/testimonials\/\",\"name\":\"Testimonials - Unico Consulting\",\"isPartOf\":{\"@id\":\"https:\/\/unicoconsulting.net\/#website\"},\"primaryImageOfPage\":{\"@id\":\"https:\/\/unicoconsulting.net\/testimonials\/#primaryimage\"},\"image\":{\"@id\":\"https:\/\/unicoconsulting.net\/testimonials\/#primaryimage\"},\"thumbnailUrl\":\"https:\/\/unicoconsulting.net\/wp-content\/uploads\/2023\/12\/Celal-Toroglu-120x120.png\",\"datePublished\":\"2025-04-21T07:47:25+00:00\",\"dateModified\":\"2025-04-21T08:35:17+00:00\",\"breadcrumb\":{\"@id\":\"https:\/\/unicoconsulting.net\/testimonials\/#breadcrumb\"},\"inLanguage\":\"es\",\"potentialAction\":[{\"@type\":\"ReadAction\",\"target\":[\"https:\/\/unicoconsulting.net\/testimonials\/\"]}]},{\"@type\":\"ImageObject\",\"inLanguage\":\"es\",\"@id\":\"https:\/\/unicoconsulting.net\/testimonials\/#primaryimage\",\"url\":\"https:\/\/unicoconsulting.net\/wp-content\/uploads\/2023\/12\/Celal-Toroglu-120x120.png\",\"contentUrl\":\"https:\/\/unicoconsulting.net\/wp-content\/uploads\/2023\/12\/Celal-Toroglu-120x120.png\"},{\"@type\":\"BreadcrumbList\",\"@id\":\"https:\/\/unicoconsulting.net\/testimonials\/#breadcrumb\",\"itemListElement\":[{\"@type\":\"ListItem\",\"position\":1,\"name\":\"Home\",\"item\":\"https:\/\/unicoconsulting.net\/\"},{\"@type\":\"ListItem\",\"position\":2,\"name\":\"Testimonials\"}]},{\"@type\":\"WebSite\",\"@id\":\"https:\/\/unicoconsulting.net\/#website\",\"url\":\"https:\/\/unicoconsulting.net\/\",\"name\":\"Unico Consulting\",\"description\":\"\",\"publisher\":{\"@id\":\"https:\/\/unicoconsulting.net\/#organization\"},\"potentialAction\":[{\"@type\":\"SearchAction\",\"target\":{\"@type\":\"EntryPoint\",\"urlTemplate\":\"https:\/\/unicoconsulting.net\/?s={search_term_string}\"},\"query-input\":{\"@type\":\"PropertyValueSpecification\",\"valueRequired\":true,\"valueName\":\"search_term_string\"}}],\"inLanguage\":\"es\"},{\"@type\":\"Organization\",\"@id\":\"https:\/\/unicoconsulting.net\/#organization\",\"name\":\"Unico Consulting\",\"url\":\"https:\/\/unicoconsulting.net\/\",\"logo\":{\"@type\":\"ImageObject\",\"inLanguage\":\"es\",\"@id\":\"https:\/\/unicoconsulting.net\/#\/schema\/logo\/image\/\",\"url\":\"https:\/\/unicoconsulting.net\/wp-content\/uploads\/2025\/09\/Unico-H2G_together_with_transparent.png\",\"contentUrl\":\"https:\/\/unicoconsulting.net\/wp-content\/uploads\/2025\/09\/Unico-H2G_together_with_transparent.png\",\"width\":463,\"height\":246,\"caption\":\"Unico Consulting\"},\"image\":{\"@id\":\"https:\/\/unicoconsulting.net\/#\/schema\/logo\/image\/\"}}]}<\/script>\n<!-- \/ Yoast SEO plugin. -->","yoast_head_json":{"title":"Testimonials - Unico Consulting","robots":{"index":"index","follow":"follow","max-snippet":"max-snippet:-1","max-image-preview":"max-image-preview:large","max-video-preview":"max-video-preview:-1"},"canonical":"https:\/\/unicoconsulting.net\/es\/testimonials\/","og_locale":"es_ES","og_type":"article","og_title":"Testimonials - Unico Consulting","og_description":"Unico Consulting has been an essential partner in helping us explore and expand in international markets. Their strategic input and hands-on approcah have addded real valiue to our operations abroad.&hellip;","og_url":"https:\/\/unicoconsulting.net\/es\/testimonials\/","og_site_name":"Unico Consulting","article_modified_time":"2025-04-21T08:35:17+00:00","og_image":[{"url":"https:\/\/unicoconsulting.net\/wp-content\/uploads\/2023\/12\/Celal-Toroglu-120x120.png","type":"","width":"","height":""}],"twitter_card":"summary_large_image","twitter_misc":{"Tiempo de lectura":"2 minutos"},"schema":{"@context":"https:\/\/schema.org","@graph":[{"@type":"WebPage","@id":"https:\/\/unicoconsulting.net\/testimonials\/","url":"https:\/\/unicoconsulting.net\/testimonials\/","name":"Testimonials - Unico Consulting","isPartOf":{"@id":"https:\/\/unicoconsulting.net\/#website"},"primaryImageOfPage":{"@id":"https:\/\/unicoconsulting.net\/testimonials\/#primaryimage"},"image":{"@id":"https:\/\/unicoconsulting.net\/testimonials\/#primaryimage"},"thumbnailUrl":"https:\/\/unicoconsulting.net\/wp-content\/uploads\/2023\/12\/Celal-Toroglu-120x120.png","datePublished":"2025-04-21T07:47:25+00:00","dateModified":"2025-04-21T08:35:17+00:00","breadcrumb":{"@id":"https:\/\/unicoconsulting.net\/testimonials\/#breadcrumb"},"inLanguage":"es","potentialAction":[{"@type":"ReadAction","target":["https:\/\/unicoconsulting.net\/testimonials\/"]}]},{"@type":"ImageObject","inLanguage":"es","@id":"https:\/\/unicoconsulting.net\/testimonials\/#primaryimage","url":"https:\/\/unicoconsulting.net\/wp-content\/uploads\/2023\/12\/Celal-Toroglu-120x120.png","contentUrl":"https:\/\/unicoconsulting.net\/wp-content\/uploads\/2023\/12\/Celal-Toroglu-120x120.png"},{"@type":"BreadcrumbList","@id":"https:\/\/unicoconsulting.net\/testimonials\/#breadcrumb","itemListElement":[{"@type":"ListItem","position":1,"name":"Home","item":"https:\/\/unicoconsulting.net\/"},{"@type":"ListItem","position":2,"name":"Testimonials"}]},{"@type":"WebSite","@id":"https:\/\/unicoconsulting.net\/#website","url":"https:\/\/unicoconsulting.net\/","name":"Unico Consulting","description":"","publisher":{"@id":"https:\/\/unicoconsulting.net\/#organization"},"potentialAction":[{"@type":"SearchAction","target":{"@type":"EntryPoint","urlTemplate":"https:\/\/unicoconsulting.net\/?s={search_term_string}"},"query-input":{"@type":"PropertyValueSpecification","valueRequired":true,"valueName":"search_term_string"}}],"inLanguage":"es"},{"@type":"Organization","@id":"https:\/\/unicoconsulting.net\/#organization","name":"Unico Consulting","url":"https:\/\/unicoconsulting.net\/","logo":{"@type":"ImageObject","inLanguage":"es","@id":"https:\/\/unicoconsulting.net\/#\/schema\/logo\/image\/","url":"https:\/\/unicoconsulting.net\/wp-content\/uploads\/2025\/09\/Unico-H2G_together_with_transparent.png","contentUrl":"https:\/\/unicoconsulting.net\/wp-content\/uploads\/2025\/09\/Unico-H2G_together_with_transparent.png","width":463,"height":246,"caption":"Unico Consulting"},"image":{"@id":"https:\/\/unicoconsulting.net\/#\/schema\/logo\/image\/"}}]}},"_links":{"self":[{"href":"https:\/\/unicoconsulting.net\/es\/wp-json\/wp\/v2\/pages\/22305","targetHints":{"allow":["GET"]}}],"collection":[{"href":"https:\/\/unicoconsulting.net\/es\/wp-json\/wp\/v2\/pages"}],"about":[{"href":"https:\/\/unicoconsulting.net\/es\/wp-json\/wp\/v2\/types\/page"}],"author":[{"embeddable":true,"href":"https:\/\/unicoconsulting.net\/es\/wp-json\/wp\/v2\/users\/1"}],"replies":[{"embeddable":true,"href":"https:\/\/unicoconsulting.net\/es\/wp-json\/wp\/v2\/comments?post=22305"}],"version-history":[{"count":19,"href":"https:\/\/unicoconsulting.net\/es\/wp-json\/wp\/v2\/pages\/22305\/revisions"}],"predecessor-version":[{"id":22466,"href":"https:\/\/unicoconsulting.net\/es\/wp-json\/wp\/v2\/pages\/22305\/revisions\/22466"}],"wp:attachment":[{"href":"https:\/\/unicoconsulting.net\/es\/wp-json\/wp\/v2\/media?parent=22305"}],"curies":[{"name":"wp","href":"https:\/\/api.w.org\/{rel}","templated":true}]}}