{"id":21545,"date":"2025-04-10T09:31:57","date_gmt":"2025-04-10T09:31:57","guid":{"rendered":"https:\/\/unicoconsulting.net\/?page_id=21545"},"modified":"2025-04-10T09:36:04","modified_gmt":"2025-04-10T09:36:04","slug":"kvkk-notification","status":"publish","type":"page","link":"https:\/\/unicoconsulting.net\/es\/kvkk-notification\/","title":{"rendered":"Notificaci\u00f3n de KVKK"},"content":{"rendered":"<div data-elementor-type=\"wp-page\" data-elementor-id=\"21545\" class=\"elementor elementor-21545\">\n\t\t\t\t\t\t<section class=\"elementor-section elementor-top-section elementor-element elementor-element-26f6f518 elementor-section-boxed elementor-section-height-default elementor-section-height-default sc_fly_static\" data-id=\"26f6f518\" data-element_type=\"section\">\n\t\t\t\t\t\t<div class=\"elementor-container elementor-column-gap-extended\">\n\t\t\t\t\t<div class=\"elementor-column elementor-col-100 elementor-top-column elementor-element elementor-element-1070b891 sc_content_align_inherit sc_layouts_column_icons_position_left sc_fly_static\" data-id=\"1070b891\" data-element_type=\"column\">\n\t\t\t<div class=\"elementor-widget-wrap elementor-element-populated\">\n\t\t\t\t\t\t<div class=\"elementor-element elementor-element-25c8db2c sc_fly_static elementor-widget elementor-widget-text-editor\" data-id=\"25c8db2c\" data-element_type=\"widget\" data-widget_type=\"text-editor.default\">\n\t\t\t\t<div class=\"elementor-widget-container\">\n\t\t\t\t\t\t\t\t\t\n<p>Como unicoconsulting.net, tomamos las medidas necesarias como Responsable del Tratamiento en las etapas de conservaci\u00f3n, tratamiento y transferencia de sus datos personales de acuerdo con el principio de protecci\u00f3n de la privacidad de la vida privada y de los derechos y libertades fundamentales de las personas.<\/p>\n<p>Hemos preparado nuestro Texto Informativo sobre el Tratamiento de Datos Personales (\u00abTexto Informativo\u00bb) para informar a los titulares de los datos sobre el tratamiento, almacenamiento y transferencia de sus datos personales en el marco de la Ley de Protecci\u00f3n de Datos Personales (KVKK) y la normativa legal vigente. En esta p\u00e1gina, puede acceder a toda la informaci\u00f3n sobre nuestra responsabilidad como responsables del tratamiento de datos, la finalidad del tratamiento de los datos personales, a qui\u00e9n y con qu\u00e9 finalidad se pueden transferir, el m\u00e9todo y la base legal para la recopilaci\u00f3n de datos personales, y sus derechos recogidos en la KVKK.<\/p>\n<p>Podemos modificar el texto informativo si es necesario. Los cambios entrar\u00e1n en vigor a partir de su publicaci\u00f3n.<\/p>\t\t\t\t\t\t\t\t<\/div>\n\t\t\t\t<\/div>\n\t\t\t\t\t<\/div>\n\t\t<\/div>\n\t\t\t\t\t<\/div>\n\t\t<\/section>\n\t\t\t\t<\/div>","protected":false},"excerpt":{"rendered":"<p>As unicoconsulting.net, we take the necessary measures as the Data Controller in the stages of preserving, processing and transferring your personal data in accordance with the principle of protecting the&hellip;<\/p>","protected":false},"author":1,"featured_media":0,"parent":0,"menu_order":0,"comment_status":"closed","ping_status":"closed","template":"","meta":{"footnotes":""},"class_list":["post-21545","page","type-page","status-publish","hentry"],"yoast_head":"<!-- This site is optimized with the Yoast SEO plugin v24.8.1 - https:\/\/yoast.com\/wordpress\/plugins\/seo\/ -->\n<title>KVKK Notification - Unico Consulting<\/title>\n<meta name=\"robots\" content=\"index, follow, max-snippet:-1, max-image-preview:large, max-video-preview:-1\" \/>\n<link rel=\"canonical\" href=\"https:\/\/unicoconsulting.net\/es\/kvkk-notification\/\" \/>\n<meta property=\"og:locale\" content=\"es_ES\" \/>\n<meta property=\"og:type\" content=\"article\" \/>\n<meta property=\"og:title\" content=\"KVKK Notification - Unico Consulting\" \/>\n<meta property=\"og:description\" content=\"As unicoconsulting.net, we take the necessary measures as the Data Controller in the stages of preserving, processing and transferring your personal data in accordance with the principle of protecting the&hellip;\" \/>\n<meta property=\"og:url\" content=\"https:\/\/unicoconsulting.net\/es\/kvkk-notification\/\" \/>\n<meta property=\"og:site_name\" content=\"Unico Consulting\" \/>\n<meta property=\"article:modified_time\" content=\"2025-04-10T09:36:04+00:00\" \/>\n<meta name=\"twitter:card\" content=\"summary_large_image\" \/>\n<meta name=\"twitter:label1\" content=\"Tiempo de lectura\" \/>\n\t<meta name=\"twitter:data1\" content=\"1 minuto\" \/>\n<script type=\"application\/ld+json\" class=\"yoast-schema-graph\">{\"@context\":\"https:\/\/schema.org\",\"@graph\":[{\"@type\":\"WebPage\",\"@id\":\"https:\/\/unicoconsulting.net\/kvkk-notification\/\",\"url\":\"https:\/\/unicoconsulting.net\/kvkk-notification\/\",\"name\":\"KVKK Notification - Unico Consulting\",\"isPartOf\":{\"@id\":\"https:\/\/unicoconsulting.net\/#website\"},\"datePublished\":\"2025-04-10T09:31:57+00:00\",\"dateModified\":\"2025-04-10T09:36:04+00:00\",\"breadcrumb\":{\"@id\":\"https:\/\/unicoconsulting.net\/kvkk-notification\/#breadcrumb\"},\"inLanguage\":\"es\",\"potentialAction\":[{\"@type\":\"ReadAction\",\"target\":[\"https:\/\/unicoconsulting.net\/kvkk-notification\/\"]}]},{\"@type\":\"BreadcrumbList\",\"@id\":\"https:\/\/unicoconsulting.net\/kvkk-notification\/#breadcrumb\",\"itemListElement\":[{\"@type\":\"ListItem\",\"position\":1,\"name\":\"Home\",\"item\":\"https:\/\/unicoconsulting.net\/\"},{\"@type\":\"ListItem\",\"position\":2,\"name\":\"KVKK Notification\"}]},{\"@type\":\"WebSite\",\"@id\":\"https:\/\/unicoconsulting.net\/#website\",\"url\":\"https:\/\/unicoconsulting.net\/\",\"name\":\"Unico Consulting\",\"description\":\"\",\"publisher\":{\"@id\":\"https:\/\/unicoconsulting.net\/#organization\"},\"potentialAction\":[{\"@type\":\"SearchAction\",\"target\":{\"@type\":\"EntryPoint\",\"urlTemplate\":\"https:\/\/unicoconsulting.net\/?s={search_term_string}\"},\"query-input\":{\"@type\":\"PropertyValueSpecification\",\"valueRequired\":true,\"valueName\":\"search_term_string\"}}],\"inLanguage\":\"es\"},{\"@type\":\"Organization\",\"@id\":\"https:\/\/unicoconsulting.net\/#organization\",\"name\":\"Unico Consulting\",\"url\":\"https:\/\/unicoconsulting.net\/\",\"logo\":{\"@type\":\"ImageObject\",\"inLanguage\":\"es\",\"@id\":\"https:\/\/unicoconsulting.net\/#\/schema\/logo\/image\/\",\"url\":\"https:\/\/unicoconsulting.net\/wp-content\/uploads\/2025\/09\/Unico-H2G_together_with_transparent.png\",\"contentUrl\":\"https:\/\/unicoconsulting.net\/wp-content\/uploads\/2025\/09\/Unico-H2G_together_with_transparent.png\",\"width\":463,\"height\":246,\"caption\":\"Unico Consulting\"},\"image\":{\"@id\":\"https:\/\/unicoconsulting.net\/#\/schema\/logo\/image\/\"}}]}<\/script>\n<!-- \/ Yoast SEO plugin. -->","yoast_head_json":{"title":"KVKK Notification - Unico Consulting","robots":{"index":"index","follow":"follow","max-snippet":"max-snippet:-1","max-image-preview":"max-image-preview:large","max-video-preview":"max-video-preview:-1"},"canonical":"https:\/\/unicoconsulting.net\/es\/kvkk-notification\/","og_locale":"es_ES","og_type":"article","og_title":"KVKK Notification - Unico Consulting","og_description":"As unicoconsulting.net, we take the necessary measures as the Data Controller in the stages of preserving, processing and transferring your personal data in accordance with the principle of protecting the&hellip;","og_url":"https:\/\/unicoconsulting.net\/es\/kvkk-notification\/","og_site_name":"Unico Consulting","article_modified_time":"2025-04-10T09:36:04+00:00","twitter_card":"summary_large_image","twitter_misc":{"Tiempo de lectura":"1 minuto"},"schema":{"@context":"https:\/\/schema.org","@graph":[{"@type":"WebPage","@id":"https:\/\/unicoconsulting.net\/kvkk-notification\/","url":"https:\/\/unicoconsulting.net\/kvkk-notification\/","name":"KVKK Notification - Unico Consulting","isPartOf":{"@id":"https:\/\/unicoconsulting.net\/#website"},"datePublished":"2025-04-10T09:31:57+00:00","dateModified":"2025-04-10T09:36:04+00:00","breadcrumb":{"@id":"https:\/\/unicoconsulting.net\/kvkk-notification\/#breadcrumb"},"inLanguage":"es","potentialAction":[{"@type":"ReadAction","target":["https:\/\/unicoconsulting.net\/kvkk-notification\/"]}]},{"@type":"BreadcrumbList","@id":"https:\/\/unicoconsulting.net\/kvkk-notification\/#breadcrumb","itemListElement":[{"@type":"ListItem","position":1,"name":"Home","item":"https:\/\/unicoconsulting.net\/"},{"@type":"ListItem","position":2,"name":"KVKK Notification"}]},{"@type":"WebSite","@id":"https:\/\/unicoconsulting.net\/#website","url":"https:\/\/unicoconsulting.net\/","name":"Unico Consulting","description":"","publisher":{"@id":"https:\/\/unicoconsulting.net\/#organization"},"potentialAction":[{"@type":"SearchAction","target":{"@type":"EntryPoint","urlTemplate":"https:\/\/unicoconsulting.net\/?s={search_term_string}"},"query-input":{"@type":"PropertyValueSpecification","valueRequired":true,"valueName":"search_term_string"}}],"inLanguage":"es"},{"@type":"Organization","@id":"https:\/\/unicoconsulting.net\/#organization","name":"Unico Consulting","url":"https:\/\/unicoconsulting.net\/","logo":{"@type":"ImageObject","inLanguage":"es","@id":"https:\/\/unicoconsulting.net\/#\/schema\/logo\/image\/","url":"https:\/\/unicoconsulting.net\/wp-content\/uploads\/2025\/09\/Unico-H2G_together_with_transparent.png","contentUrl":"https:\/\/unicoconsulting.net\/wp-content\/uploads\/2025\/09\/Unico-H2G_together_with_transparent.png","width":463,"height":246,"caption":"Unico Consulting"},"image":{"@id":"https:\/\/unicoconsulting.net\/#\/schema\/logo\/image\/"}}]}},"_links":{"self":[{"href":"https:\/\/unicoconsulting.net\/es\/wp-json\/wp\/v2\/pages\/21545","targetHints":{"allow":["GET"]}}],"collection":[{"href":"https:\/\/unicoconsulting.net\/es\/wp-json\/wp\/v2\/pages"}],"about":[{"href":"https:\/\/unicoconsulting.net\/es\/wp-json\/wp\/v2\/types\/page"}],"author":[{"embeddable":true,"href":"https:\/\/unicoconsulting.net\/es\/wp-json\/wp\/v2\/users\/1"}],"replies":[{"embeddable":true,"href":"https:\/\/unicoconsulting.net\/es\/wp-json\/wp\/v2\/comments?post=21545"}],"version-history":[{"count":4,"href":"https:\/\/unicoconsulting.net\/es\/wp-json\/wp\/v2\/pages\/21545\/revisions"}],"predecessor-version":[{"id":21563,"href":"https:\/\/unicoconsulting.net\/es\/wp-json\/wp\/v2\/pages\/21545\/revisions\/21563"}],"wp:attachment":[{"href":"https:\/\/unicoconsulting.net\/es\/wp-json\/wp\/v2\/media?parent=21545"}],"curies":[{"name":"wp","href":"https:\/\/api.w.org\/{rel}","templated":true}]}}