{"id":21544,"date":"2025-04-10T09:31:27","date_gmt":"2025-04-10T09:31:27","guid":{"rendered":"https:\/\/unicoconsulting.net\/?page_id=21544"},"modified":"2025-04-10T09:35:39","modified_gmt":"2025-04-10T09:35:39","slug":"cookie-policy","status":"publish","type":"page","link":"https:\/\/unicoconsulting.net\/es\/cookie-policy\/","title":{"rendered":"Pol\u00edtica de Cookies"},"content":{"rendered":"<div data-elementor-type=\"wp-page\" data-elementor-id=\"21544\" class=\"elementor elementor-21544\">\n\t\t\t\t\t\t<section class=\"elementor-section elementor-top-section elementor-element elementor-element-3beabdfe elementor-section-boxed elementor-section-height-default elementor-section-height-default sc_fly_static\" data-id=\"3beabdfe\" data-element_type=\"section\">\n\t\t\t\t\t\t<div class=\"elementor-container elementor-column-gap-extended\">\n\t\t\t\t\t<div class=\"elementor-column elementor-col-100 elementor-top-column elementor-element elementor-element-b121174 sc_content_align_inherit sc_layouts_column_icons_position_left sc_fly_static\" data-id=\"b121174\" data-element_type=\"column\">\n\t\t\t<div class=\"elementor-widget-wrap elementor-element-populated\">\n\t\t\t\t\t\t<div class=\"elementor-element elementor-element-556a752f sc_fly_static elementor-widget elementor-widget-text-editor\" data-id=\"556a752f\" data-element_type=\"widget\" data-widget_type=\"text-editor.default\">\n\t\t\t\t<div class=\"elementor-widget-container\">\n\t\t\t\t\t\t\t\t\t\n<p>Cada vez que visita nuestro sitio web, se recopila informaci\u00f3n que muestra su acceso y uso mediante diversas herramientas de adquisici\u00f3n de datos o tecnolog\u00edas relevantes por parte de terceros que operan en nuestro nombre y cuenta para que nuestro sitio web sea \u00fatil, efectivo y seguro y para brindarle un mejor servicio.<\/p>\n<p><strong>Qu\u00e9 es una Cookie?\u00a0<\/strong><\/p>\n<p>Las cookies son archivos de texto muy peque\u00f1os, generalmente compuestos por letras y n\u00fameros, que se almacenan en el navegador del usuario al visitar una p\u00e1gina web. Registran las b\u00fasquedas realizadas en el historial del navegador. Permiten que un sitio web utilice el sitio web al mantener registros de sus movimientos. Las cookies son como tarjetas de identificaci\u00f3n que muestran a los sitios web que el mismo visitante ha visitado el sitio de nuevo. Las cookies no contienen datos personales como el nombre, el sexo o la direcci\u00f3n del visitante. Para obtener informaci\u00f3n m\u00e1s detallada sobre las cookies, visite www.aboutcookies.org y www.allaboutcookies.org.<\/p>\n<p><strong>Tipos de cookies y sus finalidades de uso\u00a0<\/strong><\/p>\n<p>Las cookies gestionadas por el propietario del sitio web se denominan cookies de sitio web. Adem\u00e1s, tambi\u00e9n pueden utilizarse cookies de terceros gestionadas por diferentes empresas. Mientras que las cookies de sesi\u00f3n se eliminan al abandonar el sitio web, las cookies persistentes permanecen en los dispositivos de los visitantes durante periodos de tiempo variables. Las cookies t\u00e9cnicas, de verificaci\u00f3n, de segmentaci\u00f3n\/publicidad, de personalizaci\u00f3n y anal\u00edticas son cookies que podemos modificar seg\u00fan su finalidad. Las cookies se pueden utilizar para realizar las funciones b\u00e1sicas necesarias para el funcionamiento del sitio web, analizarlo y mejorar su rendimiento, aumentar su funcionalidad y facilitar su uso, y realizar actividades de personalizaci\u00f3n, segmentaci\u00f3n y publicidad.<\/p>\n<p><strong>Administrar las preferencias de cookies<\/strong><\/p>\n<p>Sus preferencias sobre qu\u00e9 datos personales se recopilar\u00e1n durante el uso de nuestro sitio web Rund-A son de suma importancia para nosotros. Sin embargo, no es posible gestionar las preferencias sobre las cookies, que son obligatorias para el funcionamiento del sitio web. Adem\u00e1s, le recordamos que es posible que algunas funciones del sitio web no funcionen si algunas cookies est\u00e1n deshabilitadas. A continuaci\u00f3n, le indicamos c\u00f3mo gestionar las preferencias sobre las cookies en nuestro sitio web mientras lo utiliza: tiene derecho a personalizar sus preferencias modificando la configuraci\u00f3n del navegador que utiliza para acceder a nuestro sitio web. Si su navegador ofrece esta opci\u00f3n, puede modificar las preferencias sobre las cookies a trav\u00e9s de la configuraci\u00f3n de su navegador. Por lo tanto, aunque puede variar seg\u00fan las opciones del navegador, los titulares de los datos tienen la opci\u00f3n de evitar el uso de cookies, recibir un aviso antes de su uso o deshabilitar o eliminar \u00fanicamente ciertas cookies. Las preferencias al respecto var\u00edan seg\u00fan el navegador que utilice; puede consultar la explicaci\u00f3n general en https:\/\/www.aboutcookies.org\/. Es posible que sea necesario realizar sus preferencias con respecto a las cookies por separado para cada dispositivo que utilice para acceder a nuestro sitio web.<\/p>\t\t\t\t\t\t\t\t<\/div>\n\t\t\t\t<\/div>\n\t\t\t\t\t<\/div>\n\t\t<\/div>\n\t\t\t\t\t<\/div>\n\t\t<\/section>\n\t\t\t\t<\/div>","protected":false},"excerpt":{"rendered":"<p>Each time you visit our website, information showing your access and usage is collected using various data acquisition tools or relevant technologies by third parties operating on our behalf and&hellip;<\/p>","protected":false},"author":1,"featured_media":0,"parent":0,"menu_order":0,"comment_status":"closed","ping_status":"closed","template":"","meta":{"footnotes":""},"class_list":["post-21544","page","type-page","status-publish","hentry"],"yoast_head":"<!-- This site is optimized with the Yoast SEO plugin v24.8.1 - https:\/\/yoast.com\/wordpress\/plugins\/seo\/ -->\n<title>Cookie Policy - Unico Consulting<\/title>\n<meta name=\"robots\" content=\"index, follow, max-snippet:-1, max-image-preview:large, max-video-preview:-1\" \/>\n<link rel=\"canonical\" href=\"https:\/\/unicoconsulting.net\/es\/cookie-policy\/\" \/>\n<meta property=\"og:locale\" content=\"es_ES\" \/>\n<meta property=\"og:type\" content=\"article\" \/>\n<meta property=\"og:title\" content=\"Cookie Policy - Unico Consulting\" \/>\n<meta property=\"og:description\" content=\"Each time you visit our website, information showing your access and usage is collected using various data acquisition tools or relevant technologies by third parties operating on our behalf and&hellip;\" \/>\n<meta property=\"og:url\" content=\"https:\/\/unicoconsulting.net\/es\/cookie-policy\/\" \/>\n<meta property=\"og:site_name\" content=\"Unico Consulting\" \/>\n<meta property=\"article:modified_time\" content=\"2025-04-10T09:35:39+00:00\" \/>\n<meta name=\"twitter:card\" content=\"summary_large_image\" \/>\n<meta name=\"twitter:label1\" content=\"Tiempo de lectura\" \/>\n\t<meta name=\"twitter:data1\" content=\"3 minutos\" \/>\n<script type=\"application\/ld+json\" class=\"yoast-schema-graph\">{\"@context\":\"https:\/\/schema.org\",\"@graph\":[{\"@type\":\"WebPage\",\"@id\":\"https:\/\/unicoconsulting.net\/cookie-policy\/\",\"url\":\"https:\/\/unicoconsulting.net\/cookie-policy\/\",\"name\":\"Cookie Policy - Unico Consulting\",\"isPartOf\":{\"@id\":\"https:\/\/unicoconsulting.net\/#website\"},\"datePublished\":\"2025-04-10T09:31:27+00:00\",\"dateModified\":\"2025-04-10T09:35:39+00:00\",\"breadcrumb\":{\"@id\":\"https:\/\/unicoconsulting.net\/cookie-policy\/#breadcrumb\"},\"inLanguage\":\"es\",\"potentialAction\":[{\"@type\":\"ReadAction\",\"target\":[\"https:\/\/unicoconsulting.net\/cookie-policy\/\"]}]},{\"@type\":\"BreadcrumbList\",\"@id\":\"https:\/\/unicoconsulting.net\/cookie-policy\/#breadcrumb\",\"itemListElement\":[{\"@type\":\"ListItem\",\"position\":1,\"name\":\"Home\",\"item\":\"https:\/\/unicoconsulting.net\/\"},{\"@type\":\"ListItem\",\"position\":2,\"name\":\"Cookie Policy\"}]},{\"@type\":\"WebSite\",\"@id\":\"https:\/\/unicoconsulting.net\/#website\",\"url\":\"https:\/\/unicoconsulting.net\/\",\"name\":\"Unico Consulting\",\"description\":\"\",\"publisher\":{\"@id\":\"https:\/\/unicoconsulting.net\/#organization\"},\"potentialAction\":[{\"@type\":\"SearchAction\",\"target\":{\"@type\":\"EntryPoint\",\"urlTemplate\":\"https:\/\/unicoconsulting.net\/?s={search_term_string}\"},\"query-input\":{\"@type\":\"PropertyValueSpecification\",\"valueRequired\":true,\"valueName\":\"search_term_string\"}}],\"inLanguage\":\"es\"},{\"@type\":\"Organization\",\"@id\":\"https:\/\/unicoconsulting.net\/#organization\",\"name\":\"Unico Consulting\",\"url\":\"https:\/\/unicoconsulting.net\/\",\"logo\":{\"@type\":\"ImageObject\",\"inLanguage\":\"es\",\"@id\":\"https:\/\/unicoconsulting.net\/#\/schema\/logo\/image\/\",\"url\":\"https:\/\/unicoconsulting.net\/wp-content\/uploads\/2025\/09\/Unico-H2G_together_with_transparent.png\",\"contentUrl\":\"https:\/\/unicoconsulting.net\/wp-content\/uploads\/2025\/09\/Unico-H2G_together_with_transparent.png\",\"width\":463,\"height\":246,\"caption\":\"Unico Consulting\"},\"image\":{\"@id\":\"https:\/\/unicoconsulting.net\/#\/schema\/logo\/image\/\"}}]}<\/script>\n<!-- \/ Yoast SEO plugin. -->","yoast_head_json":{"title":"Cookie Policy - Unico Consulting","robots":{"index":"index","follow":"follow","max-snippet":"max-snippet:-1","max-image-preview":"max-image-preview:large","max-video-preview":"max-video-preview:-1"},"canonical":"https:\/\/unicoconsulting.net\/es\/cookie-policy\/","og_locale":"es_ES","og_type":"article","og_title":"Cookie Policy - Unico Consulting","og_description":"Each time you visit our website, information showing your access and usage is collected using various data acquisition tools or relevant technologies by third parties operating on our behalf and&hellip;","og_url":"https:\/\/unicoconsulting.net\/es\/cookie-policy\/","og_site_name":"Unico Consulting","article_modified_time":"2025-04-10T09:35:39+00:00","twitter_card":"summary_large_image","twitter_misc":{"Tiempo de lectura":"3 minutos"},"schema":{"@context":"https:\/\/schema.org","@graph":[{"@type":"WebPage","@id":"https:\/\/unicoconsulting.net\/cookie-policy\/","url":"https:\/\/unicoconsulting.net\/cookie-policy\/","name":"Cookie Policy - Unico Consulting","isPartOf":{"@id":"https:\/\/unicoconsulting.net\/#website"},"datePublished":"2025-04-10T09:31:27+00:00","dateModified":"2025-04-10T09:35:39+00:00","breadcrumb":{"@id":"https:\/\/unicoconsulting.net\/cookie-policy\/#breadcrumb"},"inLanguage":"es","potentialAction":[{"@type":"ReadAction","target":["https:\/\/unicoconsulting.net\/cookie-policy\/"]}]},{"@type":"BreadcrumbList","@id":"https:\/\/unicoconsulting.net\/cookie-policy\/#breadcrumb","itemListElement":[{"@type":"ListItem","position":1,"name":"Home","item":"https:\/\/unicoconsulting.net\/"},{"@type":"ListItem","position":2,"name":"Cookie Policy"}]},{"@type":"WebSite","@id":"https:\/\/unicoconsulting.net\/#website","url":"https:\/\/unicoconsulting.net\/","name":"Unico Consulting","description":"","publisher":{"@id":"https:\/\/unicoconsulting.net\/#organization"},"potentialAction":[{"@type":"SearchAction","target":{"@type":"EntryPoint","urlTemplate":"https:\/\/unicoconsulting.net\/?s={search_term_string}"},"query-input":{"@type":"PropertyValueSpecification","valueRequired":true,"valueName":"search_term_string"}}],"inLanguage":"es"},{"@type":"Organization","@id":"https:\/\/unicoconsulting.net\/#organization","name":"Unico Consulting","url":"https:\/\/unicoconsulting.net\/","logo":{"@type":"ImageObject","inLanguage":"es","@id":"https:\/\/unicoconsulting.net\/#\/schema\/logo\/image\/","url":"https:\/\/unicoconsulting.net\/wp-content\/uploads\/2025\/09\/Unico-H2G_together_with_transparent.png","contentUrl":"https:\/\/unicoconsulting.net\/wp-content\/uploads\/2025\/09\/Unico-H2G_together_with_transparent.png","width":463,"height":246,"caption":"Unico Consulting"},"image":{"@id":"https:\/\/unicoconsulting.net\/#\/schema\/logo\/image\/"}}]}},"_links":{"self":[{"href":"https:\/\/unicoconsulting.net\/es\/wp-json\/wp\/v2\/pages\/21544","targetHints":{"allow":["GET"]}}],"collection":[{"href":"https:\/\/unicoconsulting.net\/es\/wp-json\/wp\/v2\/pages"}],"about":[{"href":"https:\/\/unicoconsulting.net\/es\/wp-json\/wp\/v2\/types\/page"}],"author":[{"embeddable":true,"href":"https:\/\/unicoconsulting.net\/es\/wp-json\/wp\/v2\/users\/1"}],"replies":[{"embeddable":true,"href":"https:\/\/unicoconsulting.net\/es\/wp-json\/wp\/v2\/comments?post=21544"}],"version-history":[{"count":4,"href":"https:\/\/unicoconsulting.net\/es\/wp-json\/wp\/v2\/pages\/21544\/revisions"}],"predecessor-version":[{"id":21560,"href":"https:\/\/unicoconsulting.net\/es\/wp-json\/wp\/v2\/pages\/21544\/revisions\/21560"}],"wp:attachment":[{"href":"https:\/\/unicoconsulting.net\/es\/wp-json\/wp\/v2\/media?parent=21544"}],"curies":[{"name":"wp","href":"https:\/\/api.w.org\/{rel}","templated":true}]}}