{"id":21458,"date":"2025-04-10T08:37:26","date_gmt":"2025-04-10T08:37:26","guid":{"rendered":"https:\/\/unicoconsulting.net\/?page_id=21458"},"modified":"2025-04-21T07:03:36","modified_gmt":"2025-04-21T07:03:36","slug":"sectors","status":"publish","type":"page","link":"https:\/\/unicoconsulting.net\/es\/sectors\/","title":{"rendered":"Sectores"},"content":{"rendered":"<div data-elementor-type=\"wp-page\" data-elementor-id=\"21458\" class=\"elementor elementor-21458\">\n\t\t\t\t\t\t<section class=\"elementor-section elementor-top-section elementor-element elementor-element-bda068f elementor-section-boxed elementor-section-height-default elementor-section-height-default sc_fly_static\" data-id=\"bda068f\" data-element_type=\"section\" data-settings=\"{&quot;background_background&quot;:&quot;classic&quot;}\">\n\t\t\t\t\t\t<div class=\"elementor-container elementor-column-gap-extended\">\n\t\t\t\t\t<div class=\"elementor-column elementor-col-100 elementor-top-column elementor-element elementor-element-8e83279 sc_content_align_inherit sc_layouts_column_icons_position_left sc_fly_static\" data-id=\"8e83279\" data-element_type=\"column\">\n\t\t\t<div class=\"elementor-widget-wrap elementor-element-populated\">\n\t\t\t\t\t\t<div class=\"elementor-element elementor-element-541132c sc_height_huge sc_fly_static elementor-widget elementor-widget-spacer\" data-id=\"541132c\" data-element_type=\"widget\" data-widget_type=\"spacer.default\">\n\t\t\t\t<div class=\"elementor-widget-container\">\n\t\t\t\t\t\t\t<div class=\"elementor-spacer\">\n\t\t\t<div class=\"elementor-spacer-inner\"><\/div>\n\t\t<\/div>\n\t\t\t\t\t\t<\/div>\n\t\t\t\t<\/div>\n\t\t\t\t<div class=\"elementor-element elementor-element-fd51558 sc_fly_static elementor-widget elementor-widget-trx_sc_services\" data-id=\"fd51558\" data-element_type=\"widget\" data-widget_type=\"trx_sc_services.default\">\n\t\t\t\t<div class=\"elementor-widget-container\">\n\t\t\t\t\t<div class=\"sc_services sc_services_qw-plaque sc_services_featured_top\"><div class=\"sc_services_columns_wrap sc_item_columns sc_item_posts_container sc_item_columns_4 trx_addons_columns_wrap columns_padding_bottom\"><div class=\"trx_addons_column-1_4\"><div data-post-id=\"21633\" class=\"sc_services_item sc_item_container post_container with_more with_content with_image sc_services_item_featured_none post-21633 cpt_services type-cpt_services status-publish has-post-thumbnail hentry cpt_services_group-sectors\">\n\t\t<div class=\"sc_services_item_content\" style=\"background-image: url(https:\/\/unicoconsulting.net\/wp-content\/uploads\/2025\/04\/11-Energy-840x560.jpg);\">\n\t\t\t\t<div class=\"sc_services_item_content_inner\"><div class=\"sc_services_item_content_inner_bottom\"><div class=\"sc_services_item_info_wrap\">\n                    <div class=\"sc_services_item_title_wrap\"><h5 class=\"sc_services_item_title\"><a href=\"https:\/\/unicoconsulting.net\/es\/services\/energy\/\">Energ\u00eda<\/a><\/h5>\n                        <\/div><div class=\"sc_services_item_button sc_item_button\">\n                        <a href=\"https:\/\/unicoconsulting.net\/es\/services\/energy\/\" class=\"sc_services_item_more_link\">\n                            <span class=\"link_text\">Revisar<\/span><span class=\"link_icon\"><\/span>\n                        <\/a>\n                        <\/div><\/div><div class=\"sc_services_item_text\"><p>Haga clic ahora para revisarlo.<\/p>\n<\/div><\/div><\/div><a class=\"sc_services_item_link\" href=\"https:\/\/unicoconsulting.net\/es\/services\/energy\/\"><\/a><\/div><\/div><\/div><div class=\"trx_addons_column-1_4\"><div data-post-id=\"21636\" class=\"sc_services_item sc_item_container post_container with_more with_content with_image sc_services_item_featured_none post-21636 cpt_services type-cpt_services status-publish has-post-thumbnail hentry cpt_services_group-sectors\">\n\t\t<div class=\"sc_services_item_content\" style=\"background-image: url(https:\/\/unicoconsulting.net\/wp-content\/uploads\/2025\/04\/9-Tourism-840x560.jpg);\">\n\t\t\t\t<div class=\"sc_services_item_content_inner\"><div class=\"sc_services_item_content_inner_bottom\"><div class=\"sc_services_item_info_wrap\">\n                    <div class=\"sc_services_item_title_wrap\"><h5 class=\"sc_services_item_title\"><a href=\"https:\/\/unicoconsulting.net\/es\/services\/tourism\/\">Turismo<\/a><\/h5>\n                        <\/div><div class=\"sc_services_item_button sc_item_button\">\n                        <a href=\"https:\/\/unicoconsulting.net\/es\/services\/tourism\/\" class=\"sc_services_item_more_link\">\n                            <span class=\"link_text\">Revisar<\/span><span class=\"link_icon\"><\/span>\n                        <\/a>\n                        <\/div><\/div><div class=\"sc_services_item_text\"><p>Haga clic ahora para revisarlo.<\/p>\n<\/div><\/div><\/div><a class=\"sc_services_item_link\" href=\"https:\/\/unicoconsulting.net\/es\/services\/tourism\/\"><\/a><\/div><\/div><\/div><div class=\"trx_addons_column-1_4\"><div data-post-id=\"21635\" class=\"sc_services_item sc_item_container post_container with_more with_content with_image sc_services_item_featured_none post-21635 cpt_services type-cpt_services status-publish has-post-thumbnail hentry cpt_services_group-sectors\">\n\t\t<div class=\"sc_services_item_content\" style=\"background-image: url(https:\/\/unicoconsulting.net\/wp-content\/uploads\/2025\/04\/12-Retail-840x560.jpg);\">\n\t\t\t\t<div class=\"sc_services_item_content_inner\"><div class=\"sc_services_item_content_inner_bottom\"><div class=\"sc_services_item_info_wrap\">\n                    <div class=\"sc_services_item_title_wrap\"><h5 class=\"sc_services_item_title\"><a href=\"https:\/\/unicoconsulting.net\/es\/services\/retail\/\">Retail<\/a><\/h5>\n                        <\/div><div class=\"sc_services_item_button sc_item_button\">\n                        <a href=\"https:\/\/unicoconsulting.net\/es\/services\/retail\/\" class=\"sc_services_item_more_link\">\n                            <span class=\"link_text\">Revisar<\/span><span class=\"link_icon\"><\/span>\n                        <\/a>\n                        <\/div><\/div><div class=\"sc_services_item_text\"><p>Haga clic ahora para revisarlo.<\/p>\n<\/div><\/div><\/div><a class=\"sc_services_item_link\" href=\"https:\/\/unicoconsulting.net\/es\/services\/retail\/\"><\/a><\/div><\/div><\/div><div class=\"trx_addons_column-1_4\"><div data-post-id=\"22741\" class=\"sc_services_item sc_item_container post_container with_more with_content with_image sc_services_item_featured_none post-22741 cpt_services type-cpt_services status-publish has-post-thumbnail hentry cpt_services_group-sectors\">\n\t\t<div class=\"sc_services_item_content\" style=\"background-image: url(https:\/\/unicoconsulting.net\/wp-content\/uploads\/2025\/09\/textile-ready-wear-1-840x560.jpg);\">\n\t\t\t\t<div class=\"sc_services_item_content_inner\"><div class=\"sc_services_item_content_inner_bottom\"><div class=\"sc_services_item_info_wrap\">\n                    <div class=\"sc_services_item_title_wrap\"><h5 class=\"sc_services_item_title\"><a href=\"https:\/\/unicoconsulting.net\/es\/services\/textile-ready-wear\/\">Textile<\/a><\/h5>\n                        <\/div><div class=\"sc_services_item_button sc_item_button\">\n                        <a href=\"https:\/\/unicoconsulting.net\/es\/services\/textile-ready-wear\/\" class=\"sc_services_item_more_link\">\n                            <span class=\"link_text\">Revisar<\/span><span class=\"link_icon\"><\/span>\n                        <\/a>\n                        <\/div><\/div><div class=\"sc_services_item_text\"><p>Haga clic ahora para revisarlo.<\/p>\n<\/div><\/div><\/div><a class=\"sc_services_item_link\" href=\"https:\/\/unicoconsulting.net\/es\/services\/textile-ready-wear\/\"><\/a><\/div><\/div><\/div><div class=\"trx_addons_column-1_4\"><div data-post-id=\"21634\" class=\"sc_services_item sc_item_container post_container with_more with_content with_image sc_services_item_featured_none post-21634 cpt_services type-cpt_services status-publish has-post-thumbnail hentry cpt_services_group-sectors\">\n\t\t<div class=\"sc_services_item_content\" style=\"background-image: url(https:\/\/unicoconsulting.net\/wp-content\/uploads\/2025\/04\/10-Infrastructure-840x560.jpg);\">\n\t\t\t\t<div class=\"sc_services_item_content_inner\"><div class=\"sc_services_item_content_inner_bottom\"><div class=\"sc_services_item_info_wrap\">\n                    <div class=\"sc_services_item_title_wrap\"><h5 class=\"sc_services_item_title\"><a href=\"https:\/\/unicoconsulting.net\/es\/services\/infrastructure\/\">Infraestructura<\/a><\/h5>\n                        <\/div><div class=\"sc_services_item_button sc_item_button\">\n                        <a href=\"https:\/\/unicoconsulting.net\/es\/services\/infrastructure\/\" class=\"sc_services_item_more_link\">\n                            <span class=\"link_text\">Revisar<\/span><span class=\"link_icon\"><\/span>\n                        <\/a>\n                        <\/div><\/div><div class=\"sc_services_item_text\"><p>Haga clic ahora para revisarlo.<\/p>\n<\/div><\/div><\/div><a class=\"sc_services_item_link\" href=\"https:\/\/unicoconsulting.net\/es\/services\/infrastructure\/\"><\/a><\/div><\/div><\/div><div class=\"trx_addons_column-1_4\"><div data-post-id=\"18560\" class=\"sc_services_item sc_item_container post_container with_more with_content with_image sc_services_item_featured_none post-18560 cpt_services type-cpt_services status-publish has-post-thumbnail hentry cpt_services_group-sectors\">\n\t\t<div class=\"sc_services_item_content\" style=\"background-image: url(https:\/\/unicoconsulting.net\/wp-content\/uploads\/2023\/11\/13-Chemicals-840x560.jpg);\">\n\t\t\t\t<div class=\"sc_services_item_content_inner\"><div class=\"sc_services_item_content_inner_bottom\"><div class=\"sc_services_item_info_wrap\">\n                    <div class=\"sc_services_item_title_wrap\"><h5 class=\"sc_services_item_title\"><a href=\"https:\/\/unicoconsulting.net\/es\/services\/chemicals\/\">Qu\u00edmica<\/a><\/h5>\n                        <\/div><div class=\"sc_services_item_button sc_item_button\">\n                        <a href=\"https:\/\/unicoconsulting.net\/es\/services\/chemicals\/\" class=\"sc_services_item_more_link\">\n                            <span class=\"link_text\">Revisar<\/span><span class=\"link_icon\"><\/span>\n                        <\/a>\n                        <\/div><\/div><div class=\"sc_services_item_text\"><p>Haga clic ahora para revisarlo.<\/p>\n<\/div><\/div><\/div><a class=\"sc_services_item_link\" href=\"https:\/\/unicoconsulting.net\/es\/services\/chemicals\/\"><\/a><\/div><\/div><\/div><div class=\"trx_addons_column-1_4\"><div data-post-id=\"18559\" class=\"sc_services_item sc_item_container post_container with_more with_content with_image sc_services_item_featured_none post-18559 cpt_services type-cpt_services status-publish has-post-thumbnail hentry cpt_services_group-sectors\">\n\t\t<div class=\"sc_services_item_content\" style=\"background-image: url(https:\/\/unicoconsulting.net\/wp-content\/uploads\/2023\/11\/14-Agriculture-Agrifood-840x561.jpg);\">\n\t\t\t\t<div class=\"sc_services_item_content_inner\"><div class=\"sc_services_item_content_inner_bottom\"><div class=\"sc_services_item_info_wrap\">\n                    <div class=\"sc_services_item_title_wrap\"><h5 class=\"sc_services_item_title\"><a href=\"https:\/\/unicoconsulting.net\/es\/services\/agriculture-agrifood\/\">Agricultura & Agroalimentaci\u00f3n<\/a><\/h5>\n                        <\/div><div class=\"sc_services_item_button sc_item_button\">\n                        <a href=\"https:\/\/unicoconsulting.net\/es\/services\/agriculture-agrifood\/\" class=\"sc_services_item_more_link\">\n                            <span class=\"link_text\">Revisar<\/span><span class=\"link_icon\"><\/span>\n                        <\/a>\n                        <\/div><\/div><div class=\"sc_services_item_text\"><p>Haga clic ahora para revisarlo.<\/p>\n<\/div><\/div><\/div><a class=\"sc_services_item_link\" href=\"https:\/\/unicoconsulting.net\/es\/services\/agriculture-agrifood\/\"><\/a><\/div><\/div><\/div><div class=\"trx_addons_column-1_4\"><div data-post-id=\"18558\" class=\"sc_services_item sc_item_container post_container with_more with_content with_image sc_services_item_featured_none post-18558 cpt_services type-cpt_services status-publish has-post-thumbnail hentry cpt_services_group-sectors\">\n\t\t<div class=\"sc_services_item_content\" style=\"background-image: url(https:\/\/unicoconsulting.net\/wp-content\/uploads\/2023\/11\/15-Pharmaceuticals-Life-Sciences-840x559.jpg);\">\n\t\t\t\t<div class=\"sc_services_item_content_inner\"><div class=\"sc_services_item_content_inner_bottom\"><div class=\"sc_services_item_info_wrap\">\n                    <div class=\"sc_services_item_title_wrap\"><h5 class=\"sc_services_item_title\"><a href=\"https:\/\/unicoconsulting.net\/es\/services\/pharmaceuticals-life-sciences\/\">Farmac\u00e9uticos & Ciencias de La Vida<\/a><\/h5>\n                        <\/div><div class=\"sc_services_item_button sc_item_button\">\n                        <a href=\"https:\/\/unicoconsulting.net\/es\/services\/pharmaceuticals-life-sciences\/\" class=\"sc_services_item_more_link\">\n                            <span class=\"link_text\">Revisar<\/span><span class=\"link_icon\"><\/span>\n                        <\/a>\n                        <\/div><\/div><div class=\"sc_services_item_text\"><p>Haga clic ahora para revisarlo.<\/p>\n<\/div><\/div><\/div><a class=\"sc_services_item_link\" href=\"https:\/\/unicoconsulting.net\/es\/services\/pharmaceuticals-life-sciences\/\"><\/a><\/div><\/div><\/div><div class=\"trx_addons_column-1_4\"><div data-post-id=\"18557\" class=\"sc_services_item sc_item_container post_container with_more with_content with_image sc_services_item_featured_none post-18557 cpt_services type-cpt_services status-publish has-post-thumbnail hentry cpt_services_group-sectors\">\n\t\t<div class=\"sc_services_item_content\" style=\"background-image: url(https:\/\/unicoconsulting.net\/wp-content\/uploads\/2023\/11\/16-Information-Communication-Technologies-ICT-840x560.jpg);\">\n\t\t\t\t<div class=\"sc_services_item_content_inner\"><div class=\"sc_services_item_content_inner_bottom\"><div class=\"sc_services_item_info_wrap\">\n                    <div class=\"sc_services_item_title_wrap\"><h5 class=\"sc_services_item_title\"><a href=\"https:\/\/unicoconsulting.net\/es\/services\/information-communication-technologies-ict\/\">Tecnolog\u00edas de la Informaci\u00f3n & la Comunicaci\u00f3n (TIC)<\/a><\/h5>\n                        <\/div><div class=\"sc_services_item_button sc_item_button\">\n                        <a href=\"https:\/\/unicoconsulting.net\/es\/services\/information-communication-technologies-ict\/\" class=\"sc_services_item_more_link\">\n                            <span class=\"link_text\">Revisar<\/span><span class=\"link_icon\"><\/span>\n                        <\/a>\n                        <\/div><\/div><div class=\"sc_services_item_text\"><p>Haga clic ahora para revisarlo.<\/p>\n<\/div><\/div><\/div><a class=\"sc_services_item_link\" href=\"https:\/\/unicoconsulting.net\/es\/services\/information-communication-technologies-ict\/\"><\/a><\/div><\/div><\/div><\/div><\/div>\t\t\t\t<\/div>\n\t\t\t\t<\/div>\n\t\t\t\t<div class=\"elementor-element elementor-element-5364fcd sc_height_large sc_fly_static elementor-widget elementor-widget-spacer\" data-id=\"5364fcd\" data-element_type=\"widget\" data-widget_type=\"spacer.default\">\n\t\t\t\t<div class=\"elementor-widget-container\">\n\t\t\t\t\t\t\t<div class=\"elementor-spacer\">\n\t\t\t<div class=\"elementor-spacer-inner\"><\/div>\n\t\t<\/div>\n\t\t\t\t\t\t<\/div>\n\t\t\t\t<\/div>\n\t\t\t\t\t<\/div>\n\t\t<\/div>\n\t\t\t\t\t<\/div>\n\t\t<\/section>\n\t\t\t\t<\/div>","protected":false},"excerpt":{"rendered":"<p>Energy Review Click now to review. Infrastructure Review Click now to review. Tourism Review Click now to review. Retail Review Click now to review. Chemicals Review Click now to review.&hellip;<\/p>","protected":false},"author":1,"featured_media":0,"parent":0,"menu_order":0,"comment_status":"closed","ping_status":"closed","template":"","meta":{"footnotes":""},"class_list":["post-21458","page","type-page","status-publish","hentry"],"yoast_head":"<!-- This site is optimized with the Yoast SEO plugin v24.8.1 - https:\/\/yoast.com\/wordpress\/plugins\/seo\/ -->\n<title>Sectors - Unico Consulting<\/title>\n<meta name=\"robots\" content=\"index, follow, max-snippet:-1, max-image-preview:large, max-video-preview:-1\" \/>\n<link rel=\"canonical\" href=\"https:\/\/unicoconsulting.net\/es\/sectors\/\" \/>\n<meta property=\"og:locale\" content=\"es_ES\" \/>\n<meta property=\"og:type\" content=\"article\" \/>\n<meta property=\"og:title\" content=\"Sectors - Unico Consulting\" \/>\n<meta property=\"og:description\" content=\"Energy Review Click now to review. Infrastructure Review Click now to review. Tourism Review Click now to review. Retail Review Click now to review. Chemicals Review Click now to review.&hellip;\" \/>\n<meta property=\"og:url\" content=\"https:\/\/unicoconsulting.net\/es\/sectors\/\" \/>\n<meta property=\"og:site_name\" content=\"Unico Consulting\" \/>\n<meta property=\"article:modified_time\" content=\"2025-04-21T07:03:36+00:00\" \/>\n<meta name=\"twitter:card\" content=\"summary_large_image\" \/>\n<meta name=\"twitter:label1\" content=\"Tiempo de lectura\" \/>\n\t<meta name=\"twitter:data1\" content=\"1 minuto\" \/>\n<script type=\"application\/ld+json\" class=\"yoast-schema-graph\">{\"@context\":\"https:\/\/schema.org\",\"@graph\":[{\"@type\":\"WebPage\",\"@id\":\"https:\/\/unicoconsulting.net\/sectors\/\",\"url\":\"https:\/\/unicoconsulting.net\/sectors\/\",\"name\":\"Sectors - Unico Consulting\",\"isPartOf\":{\"@id\":\"https:\/\/unicoconsulting.net\/#website\"},\"datePublished\":\"2025-04-10T08:37:26+00:00\",\"dateModified\":\"2025-04-21T07:03:36+00:00\",\"breadcrumb\":{\"@id\":\"https:\/\/unicoconsulting.net\/sectors\/#breadcrumb\"},\"inLanguage\":\"es\",\"potentialAction\":[{\"@type\":\"ReadAction\",\"target\":[\"https:\/\/unicoconsulting.net\/sectors\/\"]}]},{\"@type\":\"BreadcrumbList\",\"@id\":\"https:\/\/unicoconsulting.net\/sectors\/#breadcrumb\",\"itemListElement\":[{\"@type\":\"ListItem\",\"position\":1,\"name\":\"Home\",\"item\":\"https:\/\/unicoconsulting.net\/\"},{\"@type\":\"ListItem\",\"position\":2,\"name\":\"Sectors\"}]},{\"@type\":\"WebSite\",\"@id\":\"https:\/\/unicoconsulting.net\/#website\",\"url\":\"https:\/\/unicoconsulting.net\/\",\"name\":\"Unico Consulting\",\"description\":\"\",\"publisher\":{\"@id\":\"https:\/\/unicoconsulting.net\/#organization\"},\"potentialAction\":[{\"@type\":\"SearchAction\",\"target\":{\"@type\":\"EntryPoint\",\"urlTemplate\":\"https:\/\/unicoconsulting.net\/?s={search_term_string}\"},\"query-input\":{\"@type\":\"PropertyValueSpecification\",\"valueRequired\":true,\"valueName\":\"search_term_string\"}}],\"inLanguage\":\"es\"},{\"@type\":\"Organization\",\"@id\":\"https:\/\/unicoconsulting.net\/#organization\",\"name\":\"Unico Consulting\",\"url\":\"https:\/\/unicoconsulting.net\/\",\"logo\":{\"@type\":\"ImageObject\",\"inLanguage\":\"es\",\"@id\":\"https:\/\/unicoconsulting.net\/#\/schema\/logo\/image\/\",\"url\":\"https:\/\/unicoconsulting.net\/wp-content\/uploads\/2025\/09\/Unico-H2G_together_with_transparent.png\",\"contentUrl\":\"https:\/\/unicoconsulting.net\/wp-content\/uploads\/2025\/09\/Unico-H2G_together_with_transparent.png\",\"width\":463,\"height\":246,\"caption\":\"Unico Consulting\"},\"image\":{\"@id\":\"https:\/\/unicoconsulting.net\/#\/schema\/logo\/image\/\"}}]}<\/script>\n<!-- \/ Yoast SEO plugin. -->","yoast_head_json":{"title":"Sectors - Unico Consulting","robots":{"index":"index","follow":"follow","max-snippet":"max-snippet:-1","max-image-preview":"max-image-preview:large","max-video-preview":"max-video-preview:-1"},"canonical":"https:\/\/unicoconsulting.net\/es\/sectors\/","og_locale":"es_ES","og_type":"article","og_title":"Sectors - Unico Consulting","og_description":"Energy Review Click now to review. Infrastructure Review Click now to review. Tourism Review Click now to review. Retail Review Click now to review. Chemicals Review Click now to review.&hellip;","og_url":"https:\/\/unicoconsulting.net\/es\/sectors\/","og_site_name":"Unico Consulting","article_modified_time":"2025-04-21T07:03:36+00:00","twitter_card":"summary_large_image","twitter_misc":{"Tiempo de lectura":"1 minuto"},"schema":{"@context":"https:\/\/schema.org","@graph":[{"@type":"WebPage","@id":"https:\/\/unicoconsulting.net\/sectors\/","url":"https:\/\/unicoconsulting.net\/sectors\/","name":"Sectors - Unico Consulting","isPartOf":{"@id":"https:\/\/unicoconsulting.net\/#website"},"datePublished":"2025-04-10T08:37:26+00:00","dateModified":"2025-04-21T07:03:36+00:00","breadcrumb":{"@id":"https:\/\/unicoconsulting.net\/sectors\/#breadcrumb"},"inLanguage":"es","potentialAction":[{"@type":"ReadAction","target":["https:\/\/unicoconsulting.net\/sectors\/"]}]},{"@type":"BreadcrumbList","@id":"https:\/\/unicoconsulting.net\/sectors\/#breadcrumb","itemListElement":[{"@type":"ListItem","position":1,"name":"Home","item":"https:\/\/unicoconsulting.net\/"},{"@type":"ListItem","position":2,"name":"Sectors"}]},{"@type":"WebSite","@id":"https:\/\/unicoconsulting.net\/#website","url":"https:\/\/unicoconsulting.net\/","name":"Unico Consulting","description":"","publisher":{"@id":"https:\/\/unicoconsulting.net\/#organization"},"potentialAction":[{"@type":"SearchAction","target":{"@type":"EntryPoint","urlTemplate":"https:\/\/unicoconsulting.net\/?s={search_term_string}"},"query-input":{"@type":"PropertyValueSpecification","valueRequired":true,"valueName":"search_term_string"}}],"inLanguage":"es"},{"@type":"Organization","@id":"https:\/\/unicoconsulting.net\/#organization","name":"Unico Consulting","url":"https:\/\/unicoconsulting.net\/","logo":{"@type":"ImageObject","inLanguage":"es","@id":"https:\/\/unicoconsulting.net\/#\/schema\/logo\/image\/","url":"https:\/\/unicoconsulting.net\/wp-content\/uploads\/2025\/09\/Unico-H2G_together_with_transparent.png","contentUrl":"https:\/\/unicoconsulting.net\/wp-content\/uploads\/2025\/09\/Unico-H2G_together_with_transparent.png","width":463,"height":246,"caption":"Unico Consulting"},"image":{"@id":"https:\/\/unicoconsulting.net\/#\/schema\/logo\/image\/"}}]}},"_links":{"self":[{"href":"https:\/\/unicoconsulting.net\/es\/wp-json\/wp\/v2\/pages\/21458","targetHints":{"allow":["GET"]}}],"collection":[{"href":"https:\/\/unicoconsulting.net\/es\/wp-json\/wp\/v2\/pages"}],"about":[{"href":"https:\/\/unicoconsulting.net\/es\/wp-json\/wp\/v2\/types\/page"}],"author":[{"embeddable":true,"href":"https:\/\/unicoconsulting.net\/es\/wp-json\/wp\/v2\/users\/1"}],"replies":[{"embeddable":true,"href":"https:\/\/unicoconsulting.net\/es\/wp-json\/wp\/v2\/comments?post=21458"}],"version-history":[{"count":31,"href":"https:\/\/unicoconsulting.net\/es\/wp-json\/wp\/v2\/pages\/21458\/revisions"}],"predecessor-version":[{"id":22253,"href":"https:\/\/unicoconsulting.net\/es\/wp-json\/wp\/v2\/pages\/21458\/revisions\/22253"}],"wp:attachment":[{"href":"https:\/\/unicoconsulting.net\/es\/wp-json\/wp\/v2\/media?parent=21458"}],"curies":[{"name":"wp","href":"https:\/\/api.w.org\/{rel}","templated":true}]}}