{"id":19439,"date":"2023-11-30T23:15:29","date_gmt":"2023-11-30T23:15:29","guid":{"rendered":"https:\/\/unicoconsulting.net\/?page_id=19439"},"modified":"2025-04-10T17:03:55","modified_gmt":"2025-04-10T17:03:55","slug":"our-team","status":"publish","type":"page","link":"https:\/\/unicoconsulting.net\/es\/our-team\/","title":{"rendered":"Nuestro Equipo"},"content":{"rendered":"<div data-elementor-type=\"wp-page\" data-elementor-id=\"19439\" class=\"elementor elementor-19439\">\n\t\t\t\t\t\t<section class=\"elementor-section elementor-top-section elementor-element elementor-element-2eb58e1 elementor-section-boxed elementor-section-height-default elementor-section-height-default sc_fly_static\" data-id=\"2eb58e1\" data-element_type=\"section\">\n\t\t\t\t\t\t<div class=\"elementor-container elementor-column-gap-extended\">\n\t\t\t\t\t<div class=\"elementor-column elementor-col-100 elementor-top-column elementor-element elementor-element-f9b7f18 sc_content_align_inherit sc_layouts_column_icons_position_left sc_fly_static\" data-id=\"f9b7f18\" data-element_type=\"column\">\n\t\t\t<div class=\"elementor-widget-wrap elementor-element-populated\">\n\t\t\t\t\t\t<div class=\"elementor-element elementor-element-3e04456 sc_fly_static elementor-widget elementor-widget-trx_sc_team\" data-id=\"3e04456\" data-element_type=\"widget\" data-widget_type=\"trx_sc_team.default\">\n\t\t\t\t<div class=\"elementor-widget-container\">\n\t\t\t\t\t<div \t\tclass=\"sc_team sc_team_default\"><div class=\"sc_team_columns_wrap sc_item_columns sc_item_posts_container trx_addons_columns_wrap columns_padding_bottom\"><div class=\"trx_addons_column-1_4\"><div data-post-id=\"1152\" class=\"sc_team_item sc_item_container post_container no_links post-1152 cpt_team type-cpt_team status-publish has-post-thumbnail hentry cpt_team_group-workers\">\r\n\t<div class=\"post_featured with_thumb hover_link sc_team_item_thumb\"><img fetchpriority=\"high\" decoding=\"async\" width=\"570\" height=\"696\" src=\"https:\/\/unicoconsulting.net\/wp-content\/uploads\/2020\/04\/4-EREN-LEA-KARSLI-570x696.png\" class=\"attachment-solio-thumb-rectangle size-solio-thumb-rectangle wp-post-image\" alt=\"\" \/>\t\t\t\t\t\t<div class=\"mask\"><\/div>\n\t\t\t\t\t\t\t\t\t<a href=\"https:\/\/unicoconsulting.net\/es\/team\/eren-lea-karsli\/\"  aria-hidden=\"true\" class=\"link\"><\/a>\r\n\t\t\t<\/div>\t<div class=\"sc_team_item_info\">\r\n\t\t<div class=\"sc_team_item_header\">\r\n\t\t\t<h4 class=\"sc_team_item_title entry-title\"><a href=\"https:\/\/unicoconsulting.net\/es\/team\/eren-lea-karsli\/\">Eren Lea Karsl\u0131<\/a><\/h4>\r\n\t\t\t<div class=\"sc_team_item_subtitle\">Fundadora<\/div>\t\t<\/div>\r\n\t\t<div class=\"sc_team_item_content\"><p>With over 20 years of experience in multinational and Spanish companies across sectors such as textile (Mango), tourism (Mundi Color, Julia Tours), and food retail (Aykor). She has held roles including Controller, Auditor, Purchasing Manager, and Project Leader. Her greatest asset is an extensive network in T\u00fcrkiye&#8217;s key industries.<\/p>\n<\/div><div class=\"sc_team_item_socials socials_wrap\"><a target=\"_blank\" href=\"https:\/\/tr.linkedin.com\/company\/unico-consulting-turkey\" class=\"social_item social_item_style_icons sc_icon_type_icons social_item_type_icons\"><span class=\"social_icon social_icon_linkedin\" style=\"\"><span class=\"icon-linkedin\"><\/span><\/span><\/a><a target=\"_blank\" href=\"https:\/\/www.instagram.com\/unicoconsulting\/\" class=\"social_item social_item_style_icons sc_icon_type_icons social_item_type_icons\"><span class=\"social_icon social_icon_instagram\" style=\"\"><span class=\"icon-instagram\"><\/span><\/span><\/a><\/div><div class=\"sc_team_item_button\"><a href=\"https:\/\/unicoconsulting.net\/es\/team\/eren-lea-karsli\/\" class=\"sc_button sc_button_simple\">Read more<\/a><\/div><\/div>\r\n<\/div><\/div><div class=\"trx_addons_column-1_4\"><div data-post-id=\"21913\" class=\"sc_team_item sc_item_container post_container no_links post-21913 cpt_team type-cpt_team status-publish has-post-thumbnail hentry cpt_team_group-workers\">\r\n\t<div class=\"post_featured with_thumb hover_link sc_team_item_thumb\"><img decoding=\"async\" width=\"570\" height=\"696\" src=\"https:\/\/unicoconsulting.net\/wp-content\/uploads\/2025\/04\/3-BAUDILIO-ALONSO-570x696.jpg\" class=\"attachment-solio-thumb-rectangle size-solio-thumb-rectangle wp-post-image\" alt=\"\" \/>\t\t\t\t\t\t<div class=\"mask\"><\/div>\n\t\t\t\t\t\t\t\t\t<a href=\"https:\/\/unicoconsulting.net\/es\/team\/baudilio-alonso\/\"  aria-hidden=\"true\" class=\"link\"><\/a>\r\n\t\t\t<\/div>\t<div class=\"sc_team_item_info\">\r\n\t\t<div class=\"sc_team_item_header\">\r\n\t\t\t<h4 class=\"sc_team_item_title entry-title\"><a href=\"https:\/\/unicoconsulting.net\/es\/team\/baudilio-alonso\/\">Baudilio Alonso<\/a><\/h4>\r\n\t\t\t<div class=\"sc_team_item_subtitle\">Representante en Espa\u00f1a<\/div>\t\t<\/div>\r\n\t\t<div class=\"sc_team_item_content\"><p>Over 10 years of experience in international business development. He has lived in England and T\u00fcrkiye, founded his own company in 2011, and co-founded two business projects in Spain. He leads UNICO&#8217;s commercial operations in Spain.<\/p>\n<\/div><div class=\"sc_team_item_socials socials_wrap\"><a target=\"_blank\" href=\"https:\/\/tr.linkedin.com\/company\/unico-consulting-turkey\" class=\"social_item social_item_style_icons sc_icon_type_icons social_item_type_icons\"><span class=\"social_icon social_icon_linkedin\" style=\"\"><span class=\"icon-linkedin\"><\/span><\/span><\/a><a target=\"_blank\" href=\"https:\/\/www.instagram.com\/unicoconsulting\/\" class=\"social_item social_item_style_icons sc_icon_type_icons social_item_type_icons\"><span class=\"social_icon social_icon_instagram\" style=\"\"><span class=\"icon-instagram\"><\/span><\/span><\/a><\/div><div class=\"sc_team_item_button\"><a href=\"https:\/\/unicoconsulting.net\/es\/team\/baudilio-alonso\/\" class=\"sc_button sc_button_simple\">Read more<\/a><\/div><\/div>\r\n<\/div><\/div><div class=\"trx_addons_column-1_4\"><div data-post-id=\"21914\" class=\"sc_team_item sc_item_container post_container no_links post-21914 cpt_team type-cpt_team status-publish has-post-thumbnail hentry cpt_team_group-workers\">\r\n\t<div class=\"post_featured with_thumb hover_link sc_team_item_thumb\"><img decoding=\"async\" width=\"570\" height=\"696\" src=\"https:\/\/unicoconsulting.net\/wp-content\/uploads\/2025\/04\/2-ESEN-BUYUKUZUN-570x696.png\" class=\"attachment-solio-thumb-rectangle size-solio-thumb-rectangle wp-post-image\" alt=\"\" \/>\t\t\t\t\t\t<div class=\"mask\"><\/div>\n\t\t\t\t\t\t\t\t\t<a href=\"https:\/\/unicoconsulting.net\/es\/team\/esen-buyukuzun\/\"  aria-hidden=\"true\" class=\"link\"><\/a>\r\n\t\t\t<\/div>\t<div class=\"sc_team_item_info\">\r\n\t\t<div class=\"sc_team_item_header\">\r\n\t\t\t<h4 class=\"sc_team_item_title entry-title\"><a href=\"https:\/\/unicoconsulting.net\/es\/team\/esen-buyukuzun\/\">Esen B\u00fcy\u00fckuzun<\/a><\/h4>\r\n\t\t\t<div class=\"sc_team_item_subtitle\">Desarrolladora Senior de Negocios<\/div>\t\t<\/div>\r\n\t\t<div class=\"sc_team_item_content\"><p>Cuenta con m\u00e1s de 15 a\u00f1os de experiencia en el sector minorista de moda y ahora se centra en el comercio electr\u00f3nico. Gestiona proyectos de comercio minorista y digital en UNICO.<\/p>\n<\/div><div class=\"sc_team_item_socials socials_wrap\"><a target=\"_blank\" href=\"https:\/\/tr.linkedin.com\/company\/unico-consulting-turkey\" class=\"social_item social_item_style_icons sc_icon_type_icons social_item_type_icons\"><span class=\"social_icon social_icon_linkedin\" style=\"\"><span class=\"icon-linkedin\"><\/span><\/span><\/a><a target=\"_blank\" href=\"https:\/\/www.instagram.com\/unicoconsulting\/\" class=\"social_item social_item_style_icons sc_icon_type_icons social_item_type_icons\"><span class=\"social_icon social_icon_instagram\" style=\"\"><span class=\"icon-instagram\"><\/span><\/span><\/a><\/div><div class=\"sc_team_item_button\"><a href=\"https:\/\/unicoconsulting.net\/es\/team\/esen-buyukuzun\/\" class=\"sc_button sc_button_simple\">Read more<\/a><\/div><\/div>\r\n<\/div><\/div><div class=\"trx_addons_column-1_4\"><div data-post-id=\"21915\" class=\"sc_team_item sc_item_container post_container no_links post-21915 cpt_team type-cpt_team status-publish has-post-thumbnail hentry cpt_team_group-workers\">\r\n\t<div class=\"post_featured with_thumb hover_link sc_team_item_thumb\"><img loading=\"lazy\" decoding=\"async\" width=\"570\" height=\"696\" src=\"https:\/\/unicoconsulting.net\/wp-content\/uploads\/2025\/04\/1-Beldenur-ozhallac-570x696.png\" class=\"attachment-solio-thumb-rectangle size-solio-thumb-rectangle wp-post-image\" alt=\"\" \/>\t\t\t\t\t\t<div class=\"mask\"><\/div>\n\t\t\t\t\t\t\t\t\t<a href=\"https:\/\/unicoconsulting.net\/es\/team\/beldenur-ozhallac\/\"  aria-hidden=\"true\" class=\"link\"><\/a>\r\n\t\t\t<\/div>\t<div class=\"sc_team_item_info\">\r\n\t\t<div class=\"sc_team_item_header\">\r\n\t\t\t<h4 class=\"sc_team_item_title entry-title\"><a href=\"https:\/\/unicoconsulting.net\/es\/team\/beldenur-ozhallac\/\">Beldenur Ozhalla\u00e7<\/a><\/h4>\r\n\t\t\t<div class=\"sc_team_item_subtitle\">Marketing & Communications Consultant<\/div>\t\t<\/div>\r\n\t\t<div class=\"sc_team_item_content\"><p>Con m\u00e1s de 18 a\u00f1os de experiencia en marketing digital, comunicaci\u00f3n estrat\u00e9gica y relaciones p\u00fablicas, Beldenur se especializa en la creaci\u00f3n y ejecuci\u00f3n de estrategias de marketing para empresas y destinos tur\u00edsticos. Su experiencia abarca el branding, la gesti\u00f3n de eventos, la relaci\u00f3n con el cliente y la optimizaci\u00f3n de estrategias digitales para mejorar la visibilidad y la reputaci\u00f3n.<\/p>\n<\/div><div class=\"sc_team_item_socials socials_wrap\"><a target=\"_blank\" href=\"https:\/\/tr.linkedin.com\/company\/unico-consulting-turkey\" class=\"social_item social_item_style_icons sc_icon_type_icons social_item_type_icons\"><span class=\"social_icon social_icon_linkedin\" style=\"\"><span class=\"icon-linkedin\"><\/span><\/span><\/a><a target=\"_blank\" href=\"https:\/\/www.instagram.com\/unicoconsulting\/\" class=\"social_item social_item_style_icons sc_icon_type_icons social_item_type_icons\"><span class=\"social_icon social_icon_instagram\" style=\"\"><span class=\"icon-instagram\"><\/span><\/span><\/a><\/div><div class=\"sc_team_item_button\"><a href=\"https:\/\/unicoconsulting.net\/es\/team\/beldenur-ozhallac\/\" class=\"sc_button sc_button_simple\">Read more<\/a><\/div><\/div>\r\n<\/div><\/div><div class=\"trx_addons_column-1_4\"><div data-post-id=\"21916\" class=\"sc_team_item sc_item_container post_container no_links post-21916 cpt_team type-cpt_team status-publish has-post-thumbnail hentry cpt_team_group-workers\">\r\n\t<div class=\"post_featured with_thumb hover_link sc_team_item_thumb\"><img loading=\"lazy\" decoding=\"async\" width=\"570\" height=\"696\" src=\"https:\/\/unicoconsulting.net\/wp-content\/uploads\/2025\/04\/5-SINAN-KOCAPINAR-570x696.jpg\" class=\"attachment-solio-thumb-rectangle size-solio-thumb-rectangle wp-post-image\" alt=\"\" \/>\t\t\t\t\t\t<div class=\"mask\"><\/div>\n\t\t\t\t\t\t\t\t\t<a href=\"https:\/\/unicoconsulting.net\/es\/team\/sinan-kocapinar\/\"  aria-hidden=\"true\" class=\"link\"><\/a>\r\n\t\t\t<\/div>\t<div class=\"sc_team_item_info\">\r\n\t\t<div class=\"sc_team_item_header\">\r\n\t\t\t<h4 class=\"sc_team_item_title entry-title\"><a href=\"https:\/\/unicoconsulting.net\/es\/team\/sinan-kocapinar\/\">Sinan Kocapinar<\/a><\/h4>\r\n\t\t\t<div class=\"sc_team_item_subtitle\">Consultora de turismo<\/div>\t\t<\/div>\r\n\t\t<div class=\"sc_team_item_content\"><p>Experto en turismo que ha representado a Mundi Color y Julia Tours en Turqu\u00eda durante muchos a\u00f1os. Contin\u00faa brindando consultor\u00eda para proyectos relacionados con el turismo.<\/p>\n<\/div><div class=\"sc_team_item_socials socials_wrap\"><a target=\"_blank\" href=\"https:\/\/tr.linkedin.com\/company\/unico-consulting-turkey\" class=\"social_item social_item_style_icons sc_icon_type_icons social_item_type_icons\"><span class=\"social_icon social_icon_linkedin\" style=\"\"><span class=\"icon-linkedin\"><\/span><\/span><\/a><a target=\"_blank\" href=\"https:\/\/www.instagram.com\/unicoconsulting\/\" class=\"social_item social_item_style_icons sc_icon_type_icons social_item_type_icons\"><span class=\"social_icon social_icon_instagram\" style=\"\"><span class=\"icon-instagram\"><\/span><\/span><\/a><\/div><div class=\"sc_team_item_button\"><a href=\"https:\/\/unicoconsulting.net\/es\/team\/sinan-kocapinar\/\" class=\"sc_button sc_button_simple\">Read more<\/a><\/div><\/div>\r\n<\/div><\/div><\/div><\/div>\t\t\t\t<\/div>\n\t\t\t\t<\/div>\n\t\t\t\t\t<\/div>\n\t\t<\/div>\n\t\t\t\t\t<\/div>\n\t\t<\/section>\n\t\t\t\t<\/div>","protected":false},"excerpt":{"rendered":"<p>John Lewis Solar installer Consectetur adipiscing elit, sed do euism onsectetur adipiscing elit, sed. Read more Alex Lee PV lead installer Consectetur adipiscing elit, sed do euism onsectetur adipiscing elit,&hellip;<\/p>","protected":false},"author":3,"featured_media":0,"parent":0,"menu_order":0,"comment_status":"closed","ping_status":"closed","template":"","meta":{"footnotes":""},"class_list":["post-19439","page","type-page","status-publish","hentry"],"yoast_head":"<!-- This site is optimized with the Yoast SEO plugin v24.8.1 - https:\/\/yoast.com\/wordpress\/plugins\/seo\/ -->\n<title>Our Team - Unico Consulting<\/title>\n<meta name=\"robots\" content=\"index, follow, max-snippet:-1, max-image-preview:large, max-video-preview:-1\" \/>\n<link rel=\"canonical\" href=\"https:\/\/unicoconsulting.net\/es\/our-team\/\" \/>\n<meta property=\"og:locale\" content=\"es_ES\" \/>\n<meta property=\"og:type\" content=\"article\" \/>\n<meta property=\"og:title\" content=\"Our Team - Unico Consulting\" \/>\n<meta property=\"og:description\" content=\"John Lewis Solar installer Consectetur adipiscing elit, sed do euism onsectetur adipiscing elit, sed. Read more Alex Lee PV lead installer Consectetur adipiscing elit, sed do euism onsectetur adipiscing elit,&hellip;\" \/>\n<meta property=\"og:url\" content=\"https:\/\/unicoconsulting.net\/es\/our-team\/\" \/>\n<meta property=\"og:site_name\" content=\"Unico Consulting\" \/>\n<meta property=\"article:modified_time\" content=\"2025-04-10T17:03:55+00:00\" \/>\n<meta property=\"og:image\" content=\"https:\/\/unicoconsulting.net\/wp-content\/uploads\/2020\/04\/team-banner-1-570x500.jpg\" \/>\n<meta name=\"twitter:card\" content=\"summary_large_image\" \/>\n<meta name=\"twitter:label1\" content=\"Tiempo de lectura\" \/>\n\t<meta name=\"twitter:data1\" content=\"2 minutos\" \/>\n<script type=\"application\/ld+json\" class=\"yoast-schema-graph\">{\"@context\":\"https:\/\/schema.org\",\"@graph\":[{\"@type\":\"WebPage\",\"@id\":\"https:\/\/unicoconsulting.net\/our-team\/\",\"url\":\"https:\/\/unicoconsulting.net\/our-team\/\",\"name\":\"Our Team - Unico Consulting\",\"isPartOf\":{\"@id\":\"https:\/\/unicoconsulting.net\/#website\"},\"primaryImageOfPage\":{\"@id\":\"https:\/\/unicoconsulting.net\/our-team\/#primaryimage\"},\"image\":{\"@id\":\"https:\/\/unicoconsulting.net\/our-team\/#primaryimage\"},\"thumbnailUrl\":\"https:\/\/unicoconsulting.net\/wp-content\/uploads\/2020\/04\/team-banner-1-570x500.jpg\",\"datePublished\":\"2023-11-30T23:15:29+00:00\",\"dateModified\":\"2025-04-10T17:03:55+00:00\",\"breadcrumb\":{\"@id\":\"https:\/\/unicoconsulting.net\/our-team\/#breadcrumb\"},\"inLanguage\":\"es\",\"potentialAction\":[{\"@type\":\"ReadAction\",\"target\":[\"https:\/\/unicoconsulting.net\/our-team\/\"]}]},{\"@type\":\"ImageObject\",\"inLanguage\":\"es\",\"@id\":\"https:\/\/unicoconsulting.net\/our-team\/#primaryimage\",\"url\":\"https:\/\/unicoconsulting.net\/wp-content\/uploads\/2020\/04\/team-banner-1-570x500.jpg\",\"contentUrl\":\"https:\/\/unicoconsulting.net\/wp-content\/uploads\/2020\/04\/team-banner-1-570x500.jpg\"},{\"@type\":\"BreadcrumbList\",\"@id\":\"https:\/\/unicoconsulting.net\/our-team\/#breadcrumb\",\"itemListElement\":[{\"@type\":\"ListItem\",\"position\":1,\"name\":\"Home\",\"item\":\"https:\/\/unicoconsulting.net\/\"},{\"@type\":\"ListItem\",\"position\":2,\"name\":\"Our Team\"}]},{\"@type\":\"WebSite\",\"@id\":\"https:\/\/unicoconsulting.net\/#website\",\"url\":\"https:\/\/unicoconsulting.net\/\",\"name\":\"Unico Consulting\",\"description\":\"\",\"publisher\":{\"@id\":\"https:\/\/unicoconsulting.net\/#organization\"},\"potentialAction\":[{\"@type\":\"SearchAction\",\"target\":{\"@type\":\"EntryPoint\",\"urlTemplate\":\"https:\/\/unicoconsulting.net\/?s={search_term_string}\"},\"query-input\":{\"@type\":\"PropertyValueSpecification\",\"valueRequired\":true,\"valueName\":\"search_term_string\"}}],\"inLanguage\":\"es\"},{\"@type\":\"Organization\",\"@id\":\"https:\/\/unicoconsulting.net\/#organization\",\"name\":\"Unico Consulting\",\"url\":\"https:\/\/unicoconsulting.net\/\",\"logo\":{\"@type\":\"ImageObject\",\"inLanguage\":\"es\",\"@id\":\"https:\/\/unicoconsulting.net\/#\/schema\/logo\/image\/\",\"url\":\"https:\/\/unicoconsulting.net\/wp-content\/uploads\/2025\/09\/Unico-H2G_together_with_transparent.png\",\"contentUrl\":\"https:\/\/unicoconsulting.net\/wp-content\/uploads\/2025\/09\/Unico-H2G_together_with_transparent.png\",\"width\":463,\"height\":246,\"caption\":\"Unico Consulting\"},\"image\":{\"@id\":\"https:\/\/unicoconsulting.net\/#\/schema\/logo\/image\/\"}}]}<\/script>\n<!-- \/ Yoast SEO plugin. -->","yoast_head_json":{"title":"Our Team - Unico Consulting","robots":{"index":"index","follow":"follow","max-snippet":"max-snippet:-1","max-image-preview":"max-image-preview:large","max-video-preview":"max-video-preview:-1"},"canonical":"https:\/\/unicoconsulting.net\/es\/our-team\/","og_locale":"es_ES","og_type":"article","og_title":"Our Team - Unico Consulting","og_description":"John Lewis Solar installer Consectetur adipiscing elit, sed do euism onsectetur adipiscing elit, sed. Read more Alex Lee PV lead installer Consectetur adipiscing elit, sed do euism onsectetur adipiscing elit,&hellip;","og_url":"https:\/\/unicoconsulting.net\/es\/our-team\/","og_site_name":"Unico Consulting","article_modified_time":"2025-04-10T17:03:55+00:00","og_image":[{"url":"https:\/\/unicoconsulting.net\/wp-content\/uploads\/2020\/04\/team-banner-1-570x500.jpg","type":"","width":"","height":""}],"twitter_card":"summary_large_image","twitter_misc":{"Tiempo de lectura":"2 minutos"},"schema":{"@context":"https:\/\/schema.org","@graph":[{"@type":"WebPage","@id":"https:\/\/unicoconsulting.net\/our-team\/","url":"https:\/\/unicoconsulting.net\/our-team\/","name":"Our Team - Unico Consulting","isPartOf":{"@id":"https:\/\/unicoconsulting.net\/#website"},"primaryImageOfPage":{"@id":"https:\/\/unicoconsulting.net\/our-team\/#primaryimage"},"image":{"@id":"https:\/\/unicoconsulting.net\/our-team\/#primaryimage"},"thumbnailUrl":"https:\/\/unicoconsulting.net\/wp-content\/uploads\/2020\/04\/team-banner-1-570x500.jpg","datePublished":"2023-11-30T23:15:29+00:00","dateModified":"2025-04-10T17:03:55+00:00","breadcrumb":{"@id":"https:\/\/unicoconsulting.net\/our-team\/#breadcrumb"},"inLanguage":"es","potentialAction":[{"@type":"ReadAction","target":["https:\/\/unicoconsulting.net\/our-team\/"]}]},{"@type":"ImageObject","inLanguage":"es","@id":"https:\/\/unicoconsulting.net\/our-team\/#primaryimage","url":"https:\/\/unicoconsulting.net\/wp-content\/uploads\/2020\/04\/team-banner-1-570x500.jpg","contentUrl":"https:\/\/unicoconsulting.net\/wp-content\/uploads\/2020\/04\/team-banner-1-570x500.jpg"},{"@type":"BreadcrumbList","@id":"https:\/\/unicoconsulting.net\/our-team\/#breadcrumb","itemListElement":[{"@type":"ListItem","position":1,"name":"Home","item":"https:\/\/unicoconsulting.net\/"},{"@type":"ListItem","position":2,"name":"Our Team"}]},{"@type":"WebSite","@id":"https:\/\/unicoconsulting.net\/#website","url":"https:\/\/unicoconsulting.net\/","name":"Unico Consulting","description":"","publisher":{"@id":"https:\/\/unicoconsulting.net\/#organization"},"potentialAction":[{"@type":"SearchAction","target":{"@type":"EntryPoint","urlTemplate":"https:\/\/unicoconsulting.net\/?s={search_term_string}"},"query-input":{"@type":"PropertyValueSpecification","valueRequired":true,"valueName":"search_term_string"}}],"inLanguage":"es"},{"@type":"Organization","@id":"https:\/\/unicoconsulting.net\/#organization","name":"Unico Consulting","url":"https:\/\/unicoconsulting.net\/","logo":{"@type":"ImageObject","inLanguage":"es","@id":"https:\/\/unicoconsulting.net\/#\/schema\/logo\/image\/","url":"https:\/\/unicoconsulting.net\/wp-content\/uploads\/2025\/09\/Unico-H2G_together_with_transparent.png","contentUrl":"https:\/\/unicoconsulting.net\/wp-content\/uploads\/2025\/09\/Unico-H2G_together_with_transparent.png","width":463,"height":246,"caption":"Unico Consulting"},"image":{"@id":"https:\/\/unicoconsulting.net\/#\/schema\/logo\/image\/"}}]}},"_links":{"self":[{"href":"https:\/\/unicoconsulting.net\/es\/wp-json\/wp\/v2\/pages\/19439","targetHints":{"allow":["GET"]}}],"collection":[{"href":"https:\/\/unicoconsulting.net\/es\/wp-json\/wp\/v2\/pages"}],"about":[{"href":"https:\/\/unicoconsulting.net\/es\/wp-json\/wp\/v2\/types\/page"}],"author":[{"embeddable":true,"href":"https:\/\/unicoconsulting.net\/es\/wp-json\/wp\/v2\/users\/3"}],"replies":[{"embeddable":true,"href":"https:\/\/unicoconsulting.net\/es\/wp-json\/wp\/v2\/comments?post=19439"}],"version-history":[{"count":24,"href":"https:\/\/unicoconsulting.net\/es\/wp-json\/wp\/v2\/pages\/19439\/revisions"}],"predecessor-version":[{"id":21905,"href":"https:\/\/unicoconsulting.net\/es\/wp-json\/wp\/v2\/pages\/19439\/revisions\/21905"}],"wp:attachment":[{"href":"https:\/\/unicoconsulting.net\/es\/wp-json\/wp\/v2\/media?parent=19439"}],"curies":[{"name":"wp","href":"https:\/\/api.w.org\/{rel}","templated":true}]}}